{"id":22,"date":"2019-04-03T18:42:39","date_gmt":"2019-04-03T18:42:39","guid":{"rendered":"http:\/\/cantare-et-sonare.de\/?page_id=22"},"modified":"2026-03-15T13:35:37","modified_gmt":"2026-03-15T13:35:37","slug":"termine","status":"publish","type":"page","link":"https:\/\/cantare-et-sonare.de\/?page_id=22","title":{"rendered":"Termine bis 2023"},"content":{"rendered":"\n<p><\/p>\n\n\n\n<figure class=\"wp-block-image size-full is-resized\"><img loading=\"lazy\" decoding=\"async\" width=\"800\" height=\"478\" src=\"https:\/\/cantare-et-sonare.de\/wp-content\/uploads\/2024\/06\/Unbenannt-1.jpg\" alt=\"\" class=\"wp-image-514\" style=\"width:674px;height:auto\" srcset=\"https:\/\/cantare-et-sonare.de\/wp-content\/uploads\/2024\/06\/Unbenannt-1.jpg 800w, https:\/\/cantare-et-sonare.de\/wp-content\/uploads\/2024\/06\/Unbenannt-1-300x179.jpg 300w, https:\/\/cantare-et-sonare.de\/wp-content\/uploads\/2024\/06\/Unbenannt-1-768x459.jpg 768w\" sizes=\"auto, (max-width: 767px) 89vw, (max-width: 1000px) 54vw, (max-width: 1071px) 543px, 580px\" \/><\/figure>\n\n\n\n<hr class=\"wp-block-separator has-alpha-channel-opacity\"\/>\n\n\n\n<p><\/p>\n\n\n\n<p><\/p>\n\n\n\n<p class=\"has-text-color has-link-color has-medium-font-size wp-elements-6d456a649d99e4e7bbe993e3fd5c469e\" style=\"color:#072fe3\"><strong>Silvesterkonzert  St. Viktor Dom Xanten<\/strong><br><strong>31. Dezember 2023<\/strong><br><strong>19.30 Uhr<\/strong><\/p>\n\n\n\n<p><strong>Claudio Monteverdi<br>\u201eMagnificat\u201c aus: Vespro della Beata Virgine (Marienvesper)<\/strong><\/p>\n\n\n\n<p><strong>Johann Sebastian Bach<br>Kantate BWV 029<br>Sinfonia f\u00fcr konzertierende Orgel und Orchester mit Eingangschor<br>\u201eWir danken dir, Gott, wir danken dir\u201c<\/strong><br><br><strong>Antonio Vivaldi<br>\u201eGloria in D\u201c, RV 589<\/strong><\/p>\n\n\n\n<p><strong>Marc Antoine Charpentier<br>\u201eTe Deum\u201c, H 146<\/strong><\/p>\n\n\n\n<p><strong>Ausf\u00fchrende<\/strong><\/p>\n\n\n\n<p>Mirjam Hardenberg, Sopran<br>Anne Wefelnberg, Mezzosopran<br>Dagmar Linde, Alt<br>Felix L\u00e4pple, Tenor<br>Jelle S. Drajer, Bass \/ Bariton<\/p>\n\n\n\n<p>Isabel von Jakubowski, Orgel<br>Monika Seiler, Flauto dolce<br><br>Holzbl\u00e4ser- und Trompetenconsort<\/p>\n\n\n\n<p><strong>Rheinisches Oratorienorchester<br>Gabriele Ziebell, Konzertmeisterin<\/strong><\/p>\n\n\n\n<p><strong>Kammerchor Rheinland\u201c Cantare et Sonare\u201c<br>Willem Winschuh, k\u00fcnstlerische Leitung<\/strong><\/p>\n\n\n\n<p>Tickets : 20 \u20ac \/ 28 \u20ac \/ 49 \u20ac<\/p>\n\n\n\n<p>N\u00e4heres unter:<\/p>\n\n\n\n<p>www. Xanten.de<br>Tourist Information Xanten<\/p>\n\n\n\n<p>Kurf\u00fcstenstr. 9 \/ Tel. 02801 \/77220 \/ Info@xanten,de\/<\/p>\n\n\n\n<hr class=\"wp-block-separator has-alpha-channel-opacity\"\/>\n\n\n\n<p><strong>Chorreise H\u00f6xter<\/strong><\/p>\n\n\n\n<p>Von 15. bis 18. Juni waren wir in H\u00f6xter, hier folgen die Konzertinfos,<br><a href=\"https:\/\/www.youtube.com\/watch?v=nWxXamHUW4g\" target=\"_blank\" rel=\"noreferrer noopener\">Nicola Seitz machte eine sch\u00f6ne Video davon (Youtube).<\/a><\/p>\n\n\n\n<hr class=\"wp-block-separator has-alpha-channel-opacity\"\/>\n\n\n\n<p class=\"has-text-color has-medium-font-size\" style=\"color:#0720e3\"><strong>Evensong im Pastoralverbund Corvey am Freitag, 16. Juni 2023, 19.30 Uhr in der Kirche St. Nikolai H\u00f6xter<\/strong><\/p>\n\n\n\n<p>Es werden bei diesem Evensong Werke von Thomas Tallis, Giovanni Gastoldi, Felix Mendelssohn Bartholdy William Croft, Rodney Bambrick und Willem Winschuh dargeboten.<\/p>\n\n\n\n<p>Herr Dechant Hans-Bernd Krismanek leitet die Liturgie. Der Kammerchor Rheinland &#8222;Cantare et Sonare&#8220; unter der k\u00fcnstlerischen Leitung von Winschuh Winschuh \u00fcbernimmt die musikalische Gestaltung (s. auch unten stehenden Plakat).<\/p>\n\n\n\n<hr class=\"wp-block-separator has-alpha-channel-opacity\"\/>\n\n\n\n<p class=\"has-text-color has-medium-font-size\" style=\"color:#0711e3\"><strong>Musik zur Marktzeit<br>am Samstag, 17. Juni 2023,<\/strong><br><strong>11 Uhr<br>in der Kilianikirche H\u00f6xter<\/strong><\/p>\n\n\n\n<p>Der Kammerchor Rheinland &#8222;Cantare et Sonare&#8220; pr\u00e4sentiert heitere Werke u. a. von Giovanni Gastoldi, Felix Mendelssohn Bartholdy. Monika Seiler (Flauto dolce), Michael Weise (Querfl\u00f6te) und Dave Tchorz (Saxophon) runden die gesangliche Darbietung ab mit der &#8222;Air&#8220; von Johann Sebastian Bach, der &#8222;Tr\u00e4umerei&#8220; von Robert Schumann,  &#8222;Pi\u00e8ce pour fl\u00fbte seul&#8220; von Jacques Ibert und &#8222;Engels Nachtegaeltje&#8220; von Jacob van Eyck)<\/p>\n\n\n\n<hr class=\"wp-block-separator has-alpha-channel-opacity\"\/>\n\n\n\n<p class=\"has-text-color has-medium-font-size\" style=\"color:#0718e3\"><strong>Chor- und Instrumentalkonzert des Kammerchores Rheinland anl\u00e4sslich der Landesgartenschau <\/strong><br><strong>am Samstag,<\/strong> <strong>den 17. Juni 2023 um 19:30 Uhr <br>in der Marienkirche H\u00f6xter<\/strong><\/p>\n\n\n\n<p>Am Samstag, den 17. Juni 2023 pr\u00e4sentiert&nbsp;der Kammerchor Rheinland &#8222;Cantare et Sonare&#8220; unter der \u00dcberschrif<strong>t &#8222;Leben aus dem Klang der Sch\u00f6pfung&#8220;&nbsp;<\/strong>Chor-und Instrumentalkonzert am Samstag, 17. Juni 2023, 19:30 Uhr, in der Marienkirche H\u00f6xter.<\/p>\n\n\n\n<p>kunstvolle&nbsp;Meisterwerk mit seinen virtuos angelegten&nbsp;Chorkoloraturen zeigt wieder einmal, dass die Kompositionen&nbsp;Johann Sebastian Bachs die Menschen \u00fcber&nbsp;alle Kultur- und Religionsgrenzen hinweg&nbsp;weltweit in ihren Bann ziehen.<\/p>\n\n\n\n<p>Desweiteren&nbsp;werden an diesem Abend Werke von Thomas Tallis, Johann Michael Bach, Georg&nbsp;Friedrich H\u00e4ndel, Felix Mendelssohn Bartholdy, Knut Nysted und Willem Winschuh dargeboten. Das Konzert wird er\u00f6ffnet mit der vier-bis achtstimmigen Vertonung &#8222;Jauchzet dem Herrn alle Welt&#8220; (Psalm 100) von Felix Mendelssohn Bartholdy. Als letztes Chorwerk dieses Abends erklingt das von Josef Gabriel Rheinberger vertonte Abendlied &#8222;Bleib bei uns, denn es will abend werden&#8220; f\u00fcr sechstimmigen Chor a cappella.<\/p>\n\n\n\n<p>Die Ausf\u00fchrenden&nbsp;sind:<\/p>\n\n\n\n<p>Anne Wefelnberg, Sopran <br>Monika Seiler, Flauto dolce\/ Flauto traverso<br>Michael Weise, Querfl\u00f6te<br>Dave Tchorz, Saxophon<br>Willem Winschuh, Orgel<br>Isabel von Jakubowski, Orgelcontinuo<\/p>\n\n\n\n<p>Heike Molitor, Rezitation der lyrischen Texte<\/p>\n\n\n\n<p><strong>Kammerchor Rheinland &#8222;Cantare et Sonare&#8220;<\/strong><\/p>\n\n\n\n<p>Leitung: Willem Winschuh<\/p>\n\n\n\n<p><strong>Der Eintritt ist frei.  Jedoch bitten wir im Anschluss an diese Veranstaltung um eine T\u00fcrkollekte an den Ausg\u00e4ngen der Marienkirch<\/strong>e<\/p>\n\n\n\n<hr class=\"wp-block-separator has-alpha-channel-opacity\"\/>\n\n\n\n<figure class=\"wp-block-image size-large\"><img loading=\"lazy\" decoding=\"async\" width=\"724\" height=\"1024\" src=\"https:\/\/cantare-et-sonare.de\/wp-content\/uploads\/2023\/05\/2023_Konzert_Plakat-Hoexter-6-pdf-724x1024.jpg\" alt=\"\" class=\"wp-image-460\"\/><\/figure>\n\n\n\n<hr class=\"wp-block-separator has-alpha-channel-opacity\"\/>\n\n\n\n<p class=\"has-text-color has-medium-font-size\" style=\"color:#0711e3\"><strong>Evangelische Kirche Rheinberg<\/strong><\/p>\n\n\n\n<p class=\"has-text-color has-medium-font-size\" style=\"color:#0711e3\"><strong>Sonntag, 14. Mai 2023<\/strong><\/p>\n\n\n\n<p class=\"has-text-color has-medium-font-size\" style=\"color:#0711e3\"><strong>Benefizkonzert mit barocker Kammermusik<\/strong><\/p>\n\n\n\n<p>Dieses Benefizkonzert steht ganz im Zeichen des Barock. Dargeboten wird unter dem Motto \u201eMeine Seele h\u00f6rt im Sehen\u201c Vokal- und Instrumentalmusik der, f\u00fcr diese Epoche bedeutenden Komponisten Dietrich Buxtehude, Johann Kuhnau, Georg Philipp Telemann und Georg Friedrich H\u00e4ndel.<\/p>\n\n\n\n<p>Beispielhaft f\u00fcr die ber\u00fchmten Abendmusiken Dietrich Buxtehudes erklingt die Kantate f\u00fcr Sopran, Violine und Cembalo \u201eSingt dem Herrn ein neues Lied\u201c.<\/p>\n\n\n\n<p>Besondere Akzente bilden die Werke \u201eEngels Nachtegaeltje\u201c von Jacob van Eyck, Variationen f\u00fcr Blockfl\u00f6te-Solo \u00fcber das englische Volkslied \u201eThe English Nightingale\u201c<\/p>\n\n\n\n<p>und die Sonate Nr. 4 f\u00fcr Cembalo-Solo \u201eDer todtkrancke und wieder gesunde Hiskias\u201c aus: \u201eMusicalische Vorstellung einiger Biblischer Historien\u201c von Johann Kuhnau. Der Komponist Johann Kuhnau wirkte als Amtsvorg\u00e4nger von Johann Sebastian Bach bis zu seinem Tode als Thomaskantor in Leipzig. Der dazu geh\u00f6rige Text dieser biblischen Sonate wird von Pfarrerin Ulrike Th\u00f6lke rezitiert.<\/p>\n\n\n\n<p><\/p>\n\n\n\n<p><strong><u>Mitwirkende<\/u><\/strong><\/p>\n\n\n\n<p>Pfarrerin Ulrike Th\u00f6lke, Rezitation<\/p>\n\n\n\n<p>Anne Wefelnberg, Sopran<br>Monika Seiler, Flauto traverso und Flauto dolce<br>Veronika Hoffmann-Schneider, Violine<br>Dietrich Schneider, Viola<br>Willem Winschuh, Cembalo<\/p>\n\n\n\n<p>Im Anschluss an dieses Kammerkonzert bitten wir um eine Spende zugunsten des Hospizes &#8222;Haus Sonnenschein&#8220; Rheinberg<\/p>\n\n\n\n<hr class=\"wp-block-separator has-alpha-channel-opacity\"\/>\n\n\n\n<p><\/p>\n\n\n\n<p><\/p>\n\n\n\n<p class=\"has-text-color has-medium-font-size\" style=\"color:#2207e3\"><strong>Festliches Chor- und Instrumentalkonzert<\/strong><\/p>\n\n\n\n<p class=\"has-text-color has-medium-font-size\" style=\"color:#2207e3\"><strong>Sonntag, 29.01.2023, <\/strong><br><strong>18.00 Uhr<br>Katholische Pfarrkirche St. Josef Moers (Innenstadt)<\/strong><\/p>\n\n\n\n<p class=\"has-text-color\" style=\"color:#0709e3\"><\/p>\n\n\n\n<p class=\"has-black-color has-text-color has-medium-font-size\">Johann Sebastian Bach (1685-1750)<br><strong>Jesus bleibet meine Freude,<\/strong> BWV 147<br>f\u00fcr Chor, Streicher und Basso continuo<\/p>\n\n\n\n<p class=\"has-medium-font-size\">Georg Philipp Telemann (1681-1967)<br><strong>Ouvert\u00fcre a-Moll, <\/strong>TWV 55:A2<br>f\u00fcr Flauto dolce, Streicher und Basso continuo<\/p>\n\n\n\n<p class=\"has-black-color has-text-color has-medium-font-size\">Antonio Vivaldi (1678-1741)<br><strong>Magnificat in g<\/strong>, RV 610<br>Gloria in D, RV 589<\/p>\n\n\n\n<p class=\"has-medium-font-size\">sowie Kanon in D von Johann Pachelbel <br><\/p>\n\n\n\n<p class=\"has-medium-font-size\">Mirjam Hardenberg, Sopran I<br>Anne Wefelnberg, Sopran II<br>Dagmar Linde, Alt<\/p>\n\n\n\n<p class=\"has-medium-font-size\">Monika Seiler, Flauto dolce I<br>Arnim Bartetzky, Orgel-Continuo<br><\/p>\n\n\n\n<p class=\"has-medium-font-size\"><strong>Mitglieder des Rheinischen Oratorienorchesters<br>(Konzertmeisterin: Gabriele Ziebell)<\/strong><\/p>\n\n\n\n<p class=\"has-medium-font-size\"><strong>Kammerchor Rheinland &#8222;Cantare et Sonare&#8220;<\/strong><\/p>\n\n\n\n<p class=\"has-medium-font-size\"><strong>K\u00fcnstlerische Leitung: Willem Winschuh <\/strong><\/p>\n\n\n\n<p>Kostenbeitrag: 15 \u20ac <\/p>\n\n\n\n<p><\/p>\n\n\n\n<p><\/p>\n\n\n\n<p><\/p>\n\n\n\n<hr class=\"wp-block-separator has-alpha-channel-opacity\"\/>\n\n\n\n<p class=\"has-vivid-purple-color has-text-color has-medium-font-size\"><strong>&#8222;Nun komm der Heiden Heiland&#8220;<\/strong><\/p>\n\n\n\n<p class=\"has-medium-font-size\"><strong>Konzert mit Kantaten des Barock<br>und Motetten der Renaissance zum Advent<br>f\u00fcr Soli, Chor und Instrumentalensemble<\/strong><\/p>\n\n\n\n<p class=\"has-medium-font-size\">zugunsten der Hospiz-Initiative Wesel<\/p>\n\n\n\n<p class=\"has-vivid-purple-color has-text-color has-medium-font-size\"><strong>Sonntag, 18. Dember 2022 (4. Advent), 16.00 Uhr<br>Klosterkirche St. Mari\u00e4 Himmelfahrt Marienthal <\/strong><\/p>\n\n\n\n<p>Werke von<br>Georg Philipp Telemann, Domenico Scarlatti,<br>Christian Ludwig Boxberg, Tom\u00e1s Ludovico da Vittoria,<br>William Byrd, Johannes Eccard<\/p>\n\n\n\n<p>Mirjam Hardenberg, Sopran<br>Anne Wefelnberg, Mezzosopran<br>Lara van Offern, Alt<\/p>\n\n\n\n<p>Monika Seiler, Flauto dolce I<br>Marleen Metelin-Eeken, Flauto dolce II<br>Veronika Hoffmann_Schneider, Violine I<br>Irene Hontecillas Montiel, Violine II<br>Winfried Ke\u00dfler-Rode, Viola da gamba<br>Willem Winschuh, Cembalo und Orgel<\/p>\n\n\n\n<p class=\"has-medium-font-size\"><strong>Kammerchor Rheinland &#8222;Cantare et Sonare&#8220;<\/strong><\/p>\n\n\n\n<p class=\"has-medium-font-size\"><strong>Leitung: Willem Winschuh <\/strong><\/p>\n\n\n\n<p>im Anschluss an das Konzert bitten wir um eine Spende (T\u00fcrkollekte)<br>zugunsten der Hospiz-Initiative Wesel<\/p>\n\n\n\n<hr class=\"wp-block-separator has-alpha-channel-opacity\"\/>\n\n\n\n<figure class=\"wp-block-image size-full\"><img loading=\"lazy\" decoding=\"async\" width=\"694\" height=\"1024\" src=\"https:\/\/cantare-et-sonare.de\/wp-content\/uploads\/2022\/07\/grafik.png\" alt=\"\" class=\"wp-image-378\" srcset=\"https:\/\/cantare-et-sonare.de\/wp-content\/uploads\/2022\/07\/grafik.png 694w, https:\/\/cantare-et-sonare.de\/wp-content\/uploads\/2022\/07\/grafik-203x300.png 203w\" sizes=\"auto, (max-width: 694px) 100vw, 694px\" \/><\/figure>\n\n\n\n<p class=\"has-vivid-purple-color has-text-color has-medium-font-size\"><strong><strong>Benefizkonzert f\u00fcr die Ukraine<\/strong><\/strong><\/p>\n\n\n\n<p><strong>Am Sonntag, dem 29. Mai, findet In der katholischen Pfarrkirche St. Ulrich, Alpen, ein Benefizkonzert statt.<\/strong><\/p>\n\n\n\n<p>Unter dem Thema \u201eVon Augenblick zu Augenblick \u2013 im Saitenspiel des Lebens\u201c erklingen unter der Leitung von Willem Winschuh Vokal- und Instrumentalwerke aus der Barockzeit. Neben der Kantate \u201eMeine Seele r\u00fchmt und preist\u201c f\u00fcr Singstimme, Soloinstrumente und Cembalo von Johann Sebastian Bach werden zwei Hohelied- Motetten aus dem Fr\u00fchbarock dargeboten. Dazu gesellen sich Improvisationen \u00fcber gregorianische Motive zur Oster- und Pfingstzeit f\u00fcr Saxophon und Orgel sowie Textdichtungen von Heike Molitor.<\/p>\n\n\n\n<p>Die mitwirkenden K\u00fcnstlerinnen und K\u00fcnstler stammen aus der Ukraine, Polen, Spanien, den Niederlanden und aus der niederrheinischen Region und Ostwestfalen:<\/p>\n\n\n\n<p>Heike Molitor (Rezitation), Maryna Sokolova (Gesang), Walter Johannes Smits (Gesang),<strong> <\/strong>Marleen Meteling-Eeken (Blockfl\u00f6te), Veronika Hagen, (Violine), Irene Hontecillas ( Violine), Winfried Ke\u00dfler- Rode (Viola da Gamba), Dave Tchorz (Saxophon) und Willem Winschuh (Cembalo und Orgel).<\/p>\n\n\n\n<p>Der am Niederrhein lebende Willem Winschuh, Cembalist, Chorleiter und Musikp\u00e4dagoge, hat in Kooperation mit der Kirchengemeinde St. Ulrich, Alpen, dieses Konzert organisiert.<\/p>\n\n\n\n<p class=\"has-black-color has-text-color\"><strong>Das Konzert beginnt um 18 Uhr. <\/strong><br><br><em>Eintritt wird nicht erhoben, jedoch wird um eine Spende f\u00fcr&nbsp; Menschen aus und in der Ukraine gebeten.<\/em><\/p>\n\n\n\n<p>==========================================================<\/p>\n\n\n\n<p><\/p>\n\n\n\n<p class=\"has-medium-font-size\"><strong>Chor- und Instrumentalkonzert zur Passion<\/strong><\/p>\n\n\n\n<p class=\"has-vivid-purple-color has-text-color has-medium-font-size\">\u201e<strong>Crucifixus&#8220;<\/strong><\/p>\n\n\n\n<p class=\"has-vivid-purple-color has-text-color has-medium-font-size\"><strong><strong>Sonntag, 10. April 2022, 16.00 Uhr<\/strong> <\/strong><br><strong>P<strong>farrkirche St. Peter Reinberg<\/strong><br><\/strong><\/p>\n\n\n\n<p> Unter dem Titel \u201eCrucifixus\u201c werden anspruchsvolle Chorkompositionen aus verschiedenen Stilepochen pr\u00e4sentiert. Aus der reichhaltigen F\u00fclle von Passionsmusiken, die einen musikalischen Schatz von beeindruckender Dichte und Intensit\u00e4t darstellen, erklingt zu Beginn das eindrucksvolle Chorwerk \u201eDas Wort ward Fleisch\u201c von Heinrich Sch\u00fctz. Im weiteren Verlauf stehen vier- bis achtstimmige Chorwerke von Andreas Hammerschmidt, Antonio Lotti, Tom\u00e1s Louis de Vittoria (der zu seiner Zeit als der bedeutenste Komponist Spaniens galt), des Thomaskantors Johann Kuhnau, Anton Bruckner, Felix Mendelssohn Bartholdy und Willem Winschuh auf dem Programm. Heike Molitor rezitiert ihre eindrucksvollen Texte zum Thema Passion.    <\/p>\n\n\n\n<p><strong>Die Ausf\u00fchrenden sind:<\/strong><\/p>\n\n\n\n<p>Monika Seiler (Traversfl\u00f6te)<br>Fulbert Slenczka (Violoncello und Basso continuo) <br>Christoph Bartusek (Orgelbegleitung und Basso continuo)<\/p>\n\n\n\n<p><br><strong>Kammerchor Rheinland \u201eCantare et Sonare\u201c <\/strong><\/p>\n\n\n\n<p><strong>Konzeption und Leitung: Willem Winschuh<\/strong><\/p>\n\n\n\n<p><strong>Freie Textdichtung und Rezitation: Heike Molitor<\/strong><\/p>\n\n\n\n<p> <strong>Eintritt frei,    jedoch bitten wir  um eine Spende im Anschluss an das Konzert <\/strong><\/p>\n\n\n\n<p><strong>Heike Molitor<\/strong> ist eine gefragte Lyrikerin. Sie ver\u00f6ffentlichte in mehreren Anthologien. Ihre Gedichte wurden mehrfach mit Preisen ausgezeichnet. Sie verfasst Liedtexte und Lyrik zu Zeichnungen. Mit Willem Winschuh verbindet sie eine langj\u00e4hrige enge Zusammenarbeit.<\/p>\n\n\n\n<p><strong>Fulbert Slenczka<\/strong> ist Solocellist der Duisburger Philharmoniker. Seit vielen Jahren bereichert er mit seinem brillianten Cellospiel u.a.  auch die Urauff\u00fchrungen der Kompositionen von Willem Winschuh.<\/p>\n\n\n\n<p>==========================================================<\/p>\n\n\n\n<p><\/p>\n\n\n\n<p class=\"has-text-color has-medium-font-size\" style=\"color:#0070a3\">\u201e<strong>Benefizkonzert f\u00fcr die Opfer der Flutkatastrophe\u201c<\/strong><\/p>\n\n\n\n<p class=\"has-text-color has-medium-font-size\" style=\"color:#0070a3\"><strong>Sonntag, 31. Oktober 2021, 18.00 Uhr<\/strong>  <br><strong>Katholische Pfarrkirche St. Josef in Moers<\/strong> <strong> <\/strong> <\/p>\n\n\n\n<p>Es erklingen Chor- und Instrumentalwerke ber\u00fchmter Komponisten.<\/p>\n\n\n\n<p>Johann Sebastian Bach (1685 \u2013 1750)<br>Kantate BWV 106\u2033<br><strong>\u201eGottes Zeit ist die allerbeste Zeit (Actus tragicus)\u201c<\/strong><br>f\u00fcr Soli, Chor und Instrumente<\/p>\n\n\n\n<p> Johann Sebastian Bach (1685 -1750)<br>&#8222;<strong>Meine Seele r\u00fchmt und preist&#8220;<\/strong>, BWV 189<br>f\u00fcr Solosopran, Travers- und Blockfl\u00f6te, Violine, Violoncello und Cembalo <\/p>\n\n\n\n<p>Knut Nystedt (1915- 2014)<br><strong>\u201eKomm, s\u00fc\u00dfer Tod\u201c<\/strong>, Chorimprovisation nach einem Choral von J. S. Bach<\/p>\n\n\n\n<p>sowie Chorwerke u.a. von Thomas Tallis und Felix Mendelssohn Bartholy<\/p>\n\n\n\n<p>gestaltet vom Kammerchor Rheinland \u201eCantare et Sonare\u201c<br>Leitung: Willem Winschuh.<\/p>\n\n\n\n<p><strong>Eintritt frei, jedoch bitten wir um eine Spende<\/strong><br><strong>f\u00fcr die Flutkatastrophenhilfe<\/strong> <strong>im Anschluss an das Konzert<\/strong><\/p>\n\n\n\n<p>==========================================================<\/p>\n\n\n\n<p><\/p>\n\n\n\n<p><\/p>\n\n\n\n<p class=\"has-text-color has-medium-font-size\" style=\"color:#0070a3\"><strong>Barocke Vokal- und Instrumentalmusik aus europ\u00e4ischen L\u00e4ndern<\/strong><br>\u201e<strong>Benefizkonzert f\u00fcr die Opfer der Flutkatastrophe\u201c<\/strong> <\/p>\n\n\n\n<p class=\"has-text-color has-medium-font-size\" style=\"color:#0070a3\"><strong>Sonntag, 10. Oktober 2021, 17.00 Uhr <br>Kirche St. Pankratius in Dingden<\/strong><\/p>\n\n\n\n<p><strong>Geistliche Solokantaten zum \u201eHohen Lied der Liebe\u201c<\/strong><br>von Steffano Bernardi (um 1580 -1638)<br>und Alessandro Grandi (um 1575 &#8211; 1630)<\/p>\n\n\n\n<p><strong>Biblische Historie: \u201cDer todkranke und wieder gesunde Hiskias\u201c<\/strong><br>Sonate Nr. 4 f\u00fcr Cembalo von Johann Kuhnau (1660 -1722)<\/p>\n\n\n\n<p><strong>Solokantate: \u201eMeine Seele r\u00fchmt und preist\u201c<\/strong><br>von Melchior Hoffmann (1679 -1715)<\/p>\n\n\n\n<p>sowie Kompositionen f\u00fcr Violine, Traversfl\u00f6te, Blockfl\u00f6te, Violoncello und Cembalo<br>von Andr\u00e9 Campra, Georg Friedrich H\u00e4ndel, Georg Philipp Telemann<\/p>\n\n\n\n<p>Anne Wefelnberg (Sopran)<br>Walter Johannes Smits (Tenor)<br>Irene Hontecillas (Violine)<br>Monika Seiler (Travers- und Blockfl\u00f6te) <br>Birgit Welsing (Blockfl\u00f6te)<br>Christoph Oehmen (Violoncello) <br>Willem Winschuh (Cembalo) <br><\/p>\n\n\n\n<p><strong>Eintritt frei, jedoch bitten wir um eine Spende<\/strong><br><strong>f\u00fcr die Flutkatastrophenhilfe<\/strong> <strong>im Anschluss an das Konzert<\/strong> <\/p>\n\n\n\n<p class=\"has-black-color has-text-color\">=========================================================<\/p>\n\n\n\n<p class=\"has-vivid-red-color has-text-color has-medium-font-size\">Wegen der Corona-Pandemie konnte im Jahr 2020 leider kein Konzert stattfinden<\/p>\n\n\n\n<p>=========================================================<\/p>\n\n\n\n<p class=\"has-text-color has-medium-font-size\" style=\"color:#522d8f\">\u201e<strong>Tod und Vollendung\u201c<\/strong><\/p>\n\n\n\n<p class=\"has-text-color has-medium-font-size\" style=\"color:#522d8f\"><strong>Sonntag, 03. November 2019, 18.00 Uhr<\/strong>  <br><strong>Kirche Christi Verkl\u00e4rung <\/strong><br><strong>in K\u00f6ln-Heimersdorf, Taborplatz 4<\/strong>  <\/p>\n\n\n\n<p>Unter dem Titel \u201eTod und Vollendung\u201c erklingen faszinierende Chorwerke ber\u00fchmter Komponisten.<\/p>\n\n\n\n<p>Der Kammerchor \u201eCantare et Sonare\u201c pr\u00e4sentiert von Maurice Durufl\u00e9 \n(1902-1986), \u201eRequiem\u201c, op. 9, f\u00fcr Soli, gemischten Chor und Orgel, von \nJohannes Brahms (1833-1897), \u201eWarum ist das Licht gegeben den \nM\u00fchseligen\u201c f\u00fcr 4-6 stimmigen Chor a-cappella und von Knut Nystedt (* \n1915), \u201eImmortal Bach\u201c, eine Chorimprovisation nach einem Choral von \nJohann Sebastian Bach.<\/p>\n\n\n\n<p>Die Ausf\u00fchrenden sind Silke Weisheit (Mezzosopran), Heinz-Gerd Pa\u00dfen (Bariton), Dominik Giesen (Orgel),   <\/p>\n\n\n\n<p>============================================================<\/p>\n\n\n\n<p class=\"has-text-color has-medium-font-size\" style=\"color:#522d8f\"><strong>Chor- und Instrumentalkonzert in der Reihe Kleinod<br>22. Juni 2019, 17 Uhr<br>&#8222;Wie im Himmel so auf Erden&#8220;<\/strong><\/p>\n\n\n\n<p>gestaltet von Mitgliedern des Kammerchores \u201eCantare et Sonare\u201c  <br>Leitung: Willem Winschuh <br> Evangelische Kirche in Wesel-B\u00fcderich<\/p>\n\n\n\n<p>============================================================= <\/p>\n\n\n\n<p class=\"has-text-color has-medium-font-size\" style=\"color:#522d8f\"><strong>Chor- und Instrumentalkonzert zur Passion <\/strong><br><strong>24. M\u00e4rz 2019, 16 Uhr<br>&#8222;Crucifixus&#8220;<\/strong><\/p>\n\n\n\n<p>zu Gunsten der Hospiz-Initiative Wesel e.V. <br>gestaltet von Mitgliedern des Kammerchores \u201eCantare et Sonare\u201c  <br>Leitung: Willem Winschuh <br>in der Klosterkirche Marienthal <\/p>\n\n\n\n<p>==========================================================<\/p>\n\n\n\n<p><\/p>\n\n\n\n<p class=\"has-medium-font-size\"><strong><span style=\"color:#00a375\" class=\"has-inline-color\">Silvesterkonzert, 31. Dezember 2018 im Xantener Dom<\/span><\/strong><\/p>\n\n\n\n<p>gestaltet von Mitgliedern und Gasts\u00e4ngern <br>des Kammerchores \u201eCantare et Sonare\u201c  <br>Leitung: Willem Winschuh <\/p>\n\n\n\n<p>Girolamo Galavotti (17. Jahrhundert)<br> <strong>\u201eLauda Jerusalem\u201c<\/strong><br> f\u00fcr Sopran-Solo, gemischten Chor und Basso continuo, Psalm 147<\/p>\n\n\n\n<p>Johann Pachelbel (1653 \u2013 1706)<br> <strong>\u201eKanon D-Dur\u201c<\/strong><br> f\u00fcr Streicherensemble und Basso continuo <\/p>\n\n\n\n<p>Johann Sebastian Bach (1685 \u2013 1850)<br><strong> \u201eMagnificat D-Dur\u201c<\/strong>, BWV 243<br> f\u00fcr Soli, Chor und Orchester<\/p>\n\n\n\n<p>Felice Anerio (um 1567 &#8211; 1630)<br> <strong>\u201eResponsorii della Natiuit\u00e0 Giesu Christo\u201c<\/strong><br> f\u00fcr Soli, 4 &#8211; 8 stimmigen Chor und Basso continuo<\/p>\n\n\n\n<p>Georg Friedrich H\u00e4ndel (1685 -1759)<br> <strong>\u201eDettinger Te Deum\u201c<\/strong>, HWV 283<br> f\u00fcr Soli, Chor und Orchester<\/p>\n\n\n\n<p>==========================================================<\/p>\n\n\n\n<p class=\"has-text-align-left has-text-color has-medium-font-size\" style=\"color:#522d8f\"><mark style=\"background-color:rgba(0, 0, 0, 0);color:#00a375\" class=\"has-inline-color\"><strong>Chor- und Instrumentalmusik<\/strong><br><strong>23. September 2018, 17 Uhr<\/strong><br><strong>&#8222;Singet, jauchzet und lobet\u201c<\/strong><\/mark><\/p>\n\n\n\n<p>Ein Abend mit neuen und alten Komponisten<br>gestaltet von Mitgliedern des Kammerchores \u201eCantare et Sonare\u201c  <br>Leitung: Willem Winschuh<br>Evangelische Dorfkirche in Duisburg-Baerl<\/p>\n\n\n\n<p><\/p>\n\n\n\n<p>==========================================================<\/p>\n\n\n\n<p class=\"has-text-color has-medium-font-size\" style=\"color:#522d8f\"><mark style=\"background-color:rgba(0, 0, 0, 0);color:#00a375\" class=\"has-inline-color\"><strong>Vespermusik<\/strong> <strong>2. September 2018, 17 Uhr <\/strong><\/mark><\/p>\n\n\n\n<p>zu Gunsten der Hospiz-Initiative Wesel e.V.   <br>gestaltet von Mitgliedern des Kammerchores \u201eCantare et Sonare\u201c<br>Leitung: Willem Winschuh<br>Kirchengemeinde St. Ulrich Alpen<br>Veranstaltungsort: Kirche St. Peter B\u00fcderich<br><\/p>\n","protected":false},"excerpt":{"rendered":"<p>Silvesterkonzert St. Viktor Dom Xanten31. Dezember 202319.30 Uhr Claudio Monteverdi\u201eMagnificat\u201c aus: Vespro della Beata Virgine (Marienvesper) Johann Sebastian BachKantate BWV 029Sinfonia f\u00fcr konzertierende Orgel und Orchester mit Eingangschor\u201eWir danken dir, Gott, wir danken dir\u201c Antonio Vivaldi\u201eGloria in D\u201c, RV 589 Marc Antoine Charpentier\u201eTe Deum\u201c, H 146 Ausf\u00fchrende Mirjam Hardenberg, SopranAnne Wefelnberg, MezzosopranDagmar Linde, AltFelix L\u00e4pple, &hellip; <\/p>\n<p class=\"link-more\"><a href=\"https:\/\/cantare-et-sonare.de\/?page_id=22\" class=\"more-link\"><span class=\"screen-reader-text\">\u201eTermine bis 2023\u201c <\/span>weiterlesen<\/a><\/p>\n","protected":false},"author":1,"featured_media":0,"parent":0,"menu_order":0,"comment_status":"closed","ping_status":"closed","template":"","meta":{"ngg_post_thumbnail":0,"footnotes":""},"class_list":["post-22","page","type-page","status-publish","hentry"],"_links":{"self":[{"href":"https:\/\/cantare-et-sonare.de\/index.php?rest_route=\/wp\/v2\/pages\/22","targetHints":{"allow":["GET"]}}],"collection":[{"href":"https:\/\/cantare-et-sonare.de\/index.php?rest_route=\/wp\/v2\/pages"}],"about":[{"href":"https:\/\/cantare-et-sonare.de\/index.php?rest_route=\/wp\/v2\/types\/page"}],"author":[{"embeddable":true,"href":"https:\/\/cantare-et-sonare.de\/index.php?rest_route=\/wp\/v2\/users\/1"}],"replies":[{"embeddable":true,"href":"https:\/\/cantare-et-sonare.de\/index.php?rest_route=%2Fwp%2Fv2%2Fcomments&post=22"}],"version-history":[{"count":62,"href":"https:\/\/cantare-et-sonare.de\/index.php?rest_route=\/wp\/v2\/pages\/22\/revisions"}],"predecessor-version":[{"id":889,"href":"https:\/\/cantare-et-sonare.de\/index.php?rest_route=\/wp\/v2\/pages\/22\/revisions\/889"}],"wp:attachment":[{"href":"https:\/\/cantare-et-sonare.de\/index.php?rest_route=%2Fwp%2Fv2%2Fmedia&parent=22"}],"curies":[{"name":"wp","href":"https:\/\/api.w.org\/{rel}","templated":true}]}}