{"id":24,"date":"2019-04-03T18:43:30","date_gmt":"2019-04-03T18:43:30","guid":{"rendered":"http:\/\/cantare-et-sonare.de\/?page_id=24"},"modified":"2025-07-20T17:19:12","modified_gmt":"2025-07-20T17:19:12","slug":"chor","status":"publish","type":"page","link":"https:\/\/cantare-et-sonare.de\/?page_id=24","title":{"rendered":"Chor"},"content":{"rendered":"<p><!--StartFragment--><\/p>\n\n\n<p>Im Jahr 2018 wurde das Vokalensemble\u00a0 \u201eCantare et Sonare\u201c unter der Leitung von Willem Winschuh als Kammerchor gegr\u00fcndet.<\/p>\n\n\n\n<p>Die S\u00e4ngerinnen und S\u00e4nger des Kammerchores Rheinland \u201eCantare et et Sonare\u201c  haben sich von Beginn an das Ziel gesetzt, die vokale Musik aus Renaissance, Fr\u00fchbarock, Barock, Romantik und Moderne in w\u00f6chentlichen Proben und gesonderten Probenwochenenden akribisch und mit Freude zu erarbeiten. Vor allem aber auch Werke mit Orchester aus den Gattungen \u201eKantate, \u201eMesse\u201c und \u201eOratorium\u201c italienischer, spanischer, franz\u00f6sischer und deutscher Komponisten bilden weitere Schwerpunkte. Auch gestaltet der Chor Gottesdienste kirchenmusikalisch mit und veranstaltet regelm\u00e4\u00dfig Benefizkonzerte.<br>Intonationsicherheit, Klangpr\u00e4gnanz und Interpretation haben dazu gef\u00fchrt, dass \u201eCantare et Sonare\u201c sich in kurzer Zeit zu einem Chor mit hohem Niveau entwickelt hat und sich in NRW schnell etablieren konnte. Auch war der Kammerchor mehrfach im Xantener Dom zu Gast.<br>Im Sommer diesen Jahres f\u00fchrte eine Konzertreise in die Kultur- und Klosterlandschaft Weser Bergland, Kloster Corvey. In diesem Verbund konzertierte der Chor in St. Nicolai H\u00f6xter und in St. Kiliani. Unter dem Titel \u201eAtem der Sch\u00f6pfung\u201c mit Werken von Thomas Tallis, Johann Michael Bach, Johann Sebastian Bach, Felix Mendelssohn Bartholdy, Knut Nystedt und Willem Winschuh gestaltete der Kammerchor in der gotischen Marienkirche ein Chor- und Instrumenalkonzert zur Landesgartenschau 2023 in H\u00f6xter.<\/p>\n","protected":false},"excerpt":{"rendered":"<p>Im Jahr 2018 wurde das Vokalensemble\u00a0 \u201eCantare et Sonare\u201c unter der Leitung von Willem Winschuh als Kammerchor gegr\u00fcndet. Die S\u00e4ngerinnen und S\u00e4nger des Kammerchores Rheinland \u201eCantare et et Sonare\u201c haben sich von Beginn an das Ziel gesetzt, die vokale Musik aus Renaissance, Fr\u00fchbarock, Barock, Romantik und Moderne in w\u00f6chentlichen Proben und gesonderten Probenwochenenden akribisch und &hellip; <\/p>\n<p class=\"link-more\"><a href=\"https:\/\/cantare-et-sonare.de\/?page_id=24\" class=\"more-link\"><span class=\"screen-reader-text\">\u201eChor\u201c <\/span>weiterlesen<\/a><\/p>\n","protected":false},"author":1,"featured_media":0,"parent":0,"menu_order":0,"comment_status":"closed","ping_status":"closed","template":"","meta":{"ngg_post_thumbnail":0,"footnotes":""},"class_list":["post-24","page","type-page","status-publish","hentry"],"_links":{"self":[{"href":"https:\/\/cantare-et-sonare.de\/index.php?rest_route=\/wp\/v2\/pages\/24","targetHints":{"allow":["GET"]}}],"collection":[{"href":"https:\/\/cantare-et-sonare.de\/index.php?rest_route=\/wp\/v2\/pages"}],"about":[{"href":"https:\/\/cantare-et-sonare.de\/index.php?rest_route=\/wp\/v2\/types\/page"}],"author":[{"embeddable":true,"href":"https:\/\/cantare-et-sonare.de\/index.php?rest_route=\/wp\/v2\/users\/1"}],"replies":[{"embeddable":true,"href":"https:\/\/cantare-et-sonare.de\/index.php?rest_route=%2Fwp%2Fv2%2Fcomments&post=24"}],"version-history":[{"count":4,"href":"https:\/\/cantare-et-sonare.de\/index.php?rest_route=\/wp\/v2\/pages\/24\/revisions"}],"predecessor-version":[{"id":797,"href":"https:\/\/cantare-et-sonare.de\/index.php?rest_route=\/wp\/v2\/pages\/24\/revisions\/797"}],"wp:attachment":[{"href":"https:\/\/cantare-et-sonare.de\/index.php?rest_route=%2Fwp%2Fv2%2Fmedia&parent=24"}],"curies":[{"name":"wp","href":"https:\/\/api.w.org\/{rel}","templated":true}]}}