{"id":28,"date":"2019-04-03T18:43:58","date_gmt":"2019-04-03T18:43:58","guid":{"rendered":"http:\/\/cantare-et-sonare.de\/?page_id=28"},"modified":"2023-11-27T07:52:54","modified_gmt":"2023-11-27T07:52:54","slug":"chorleiter","status":"publish","type":"page","link":"https:\/\/cantare-et-sonare.de\/?page_id=28","title":{"rendered":"Chorleiter"},"content":{"rendered":"\n<p><strong>Willem\nWinschuh, k\u00fcnstlerischer Leiter<\/strong><\/p>\n\n\n\n<figure class=\"wp-block-image is-resized\"><img loading=\"lazy\" decoding=\"async\" width=\"1024\" height=\"646\" src=\"https:\/\/cantare-et-sonare.de\/wp-content\/uploads\/2019\/04\/Willem-Winschuh-1024x646.jpg\" alt=\"\" class=\"wp-image-57\" style=\"width:344px;height:217px\" srcset=\"https:\/\/cantare-et-sonare.de\/wp-content\/uploads\/2019\/04\/Willem-Winschuh-1024x646.jpg 1024w, https:\/\/cantare-et-sonare.de\/wp-content\/uploads\/2019\/04\/Willem-Winschuh-300x189.jpg 300w, https:\/\/cantare-et-sonare.de\/wp-content\/uploads\/2019\/04\/Willem-Winschuh-768x485.jpg 768w, https:\/\/cantare-et-sonare.de\/wp-content\/uploads\/2019\/04\/Willem-Winschuh.jpg 1593w\" sizes=\"auto, (max-width: 767px) 89vw, (max-width: 1000px) 54vw, (max-width: 1071px) 543px, 580px\" \/><\/figure>\n\n\n\n<p>wurde am Niederrhein geboren. Schon als 16-J\u00e4hriger erhielt er seine erste musikalische Ausbildung an der Kirchenmusikschule M\u00fcnster. Seine f\u00f6rdernden und wegweisenden Lehrer waren Professor Dr. Rudolf Ewerhart (Chorleitung), Professor Dr. Winfried Schlepphorst (k\u00fcnstlerisches und liturgisches Orgelspiel) und der dort lehrende Komponist Erich Robert Sorge.<\/p>\n\n\n\n<p>Im Anschluss an die Ausbildung an der Kirchenmusikschule erfolgte das Studium der Kirchenmusik mit den Erg\u00e4nzungsf\u00e4chern Cembalo und Komposition an der Robert-Schumann-Hochschule f\u00fcr Musik in D\u00fcsseldorf und an der Hochschule f\u00fcr Musik in Westfalen-Lippe Detmold. Durch ein Stipendium konnte er wichtige und wertvolle Impulse f\u00fcr Orgelimprovisation durch den Orgelvirtuosen und Komponisten Jean Langlais (Paris) erfahren.<\/p>\n\n\n\n<p>Nach einem Zweitstudium im Fachbereich Musikp\u00e4dagogik an der Musikhochschule der Westf\u00e4lischen Wilhelms-Universit\u00e4t M\u00fcnster qualifizierte er sich f\u00fcr die Lehrt\u00e4tigkeit an Hochschulen und anderen Ausbildungsst\u00e4tten f\u00fcr Musik.<\/p>\n\n\n\n<p>Nachdem er die k\u00fcnstlerischen Diplompr\u00fcfungen und die staatlichen Examina absolviert hatte, wirkte Winschuh zun\u00e4chst ab 1979 als \u00fcberpfarrlicher Kantor in Wesel. Kurz nach seinem Amtsantritt wurde er von der Di\u00f6zese M\u00fcnster zum Regionalkantor ernannt. Von 1980 bis 2019 lehrte er an der Kirchenmusikschule M\u00fcnster und war Mitglied der Pr\u00fcfungs- und Kirchenmusikkommission.<\/p>\n\n\n\n<p>In Wesel rief er die Konzertreihe &#8222;Konzerte an St Mariae Himmelfahrt&#8220; ins Leben und gr\u00fcndete den Chor &#8222;Collegium vocale Wesel&#8220;. Dieser gestaltete musikalisch kontinuierlich Gottesdienste, Abendmusiken, Evensongs in Wesel, im Kreis Wesel und in M\u00fcnster.<\/p>\n\n\n\n<p>Bald schon wurde der von ihm geleitete und chorp\u00e4dagogisch geschulte Chor auch durch seine vielseitige Konzertt\u00e4tigkeit und CD &#8211; und Rundfunkaufnahmen \u00fcber die Grenzen des Kreises Wesel hinaus bekannt.<\/p>\n\n\n\n<p>Eine von ihm geschaffene Auftragskomposition erklang im Petersdom Rom w\u00e4hrend des Pontifikalamtes anl\u00e4sslich der Seligsprechung des M\u00fcnsteraner Kardinals Clemens August Graf von Galen, die als Eurovisions-Sendung vom Rundfunk \u00fcbertragen als Eurovisions-Sendung \u00fcbertragen wurde<\/p>\n\n\n\n<p>Willem Winschuh ist bis heute musikp\u00e4dagogisch und k\u00fcnstlerisch vielseitig t\u00e4tig: Als Instrumentalsolist, Lehrer, Chor- und Ensembleleiter und Komponist. Er ist der k\u00fcnstlerische Leiter des von ihm gegr\u00fcndeten Kammerchores Rheinland &#8222;Cantare et Sonare&#8220; und arbeitet dar\u00fcber hinaus mit Studierenden.<\/p>\n\n\n\n<p>Aktuell unterrichtet er als Lehrbeauftragter Abiturientinnen und Abiturenten, die sich auf das Bestehen der Zulassungspr\u00fcfungen zur Erlangung eines Studienplatzes an einer Musikhochschule vorbereiten.<\/p>\n\n\n\n<p>Konzertreisen f\u00fchrten ihn in die Benelux-Staaten, nach Italien, Spanien und nach Israel. Auftragskompositionen und Werke von ihm werden bis heute von bekannten K\u00fcnstlerinnen und K\u00fcnstlern in Nordrhein-Westfalen und anderen Bundesl\u00e4ndern aufgef\u00fchrt. <\/p>\n","protected":false},"excerpt":{"rendered":"<p>Willem Winschuh, k\u00fcnstlerischer Leiter wurde am Niederrhein geboren. Schon als 16-J\u00e4hriger erhielt er seine erste musikalische Ausbildung an der Kirchenmusikschule M\u00fcnster. Seine f\u00f6rdernden und wegweisenden Lehrer waren Professor Dr. Rudolf Ewerhart (Chorleitung), Professor Dr. Winfried Schlepphorst (k\u00fcnstlerisches und liturgisches Orgelspiel) und der dort lehrende Komponist Erich Robert Sorge. Im Anschluss an die Ausbildung an der &hellip; <\/p>\n<p class=\"link-more\"><a href=\"https:\/\/cantare-et-sonare.de\/?page_id=28\" class=\"more-link\"><span class=\"screen-reader-text\">\u201eChorleiter\u201c <\/span>weiterlesen<\/a><\/p>\n","protected":false},"author":1,"featured_media":0,"parent":0,"menu_order":0,"comment_status":"closed","ping_status":"closed","template":"","meta":{"ngg_post_thumbnail":0,"footnotes":""},"class_list":["post-28","page","type-page","status-publish","hentry"],"_links":{"self":[{"href":"https:\/\/cantare-et-sonare.de\/index.php?rest_route=\/wp\/v2\/pages\/28","targetHints":{"allow":["GET"]}}],"collection":[{"href":"https:\/\/cantare-et-sonare.de\/index.php?rest_route=\/wp\/v2\/pages"}],"about":[{"href":"https:\/\/cantare-et-sonare.de\/index.php?rest_route=\/wp\/v2\/types\/page"}],"author":[{"embeddable":true,"href":"https:\/\/cantare-et-sonare.de\/index.php?rest_route=\/wp\/v2\/users\/1"}],"replies":[{"embeddable":true,"href":"https:\/\/cantare-et-sonare.de\/index.php?rest_route=%2Fwp%2Fv2%2Fcomments&post=28"}],"version-history":[{"count":8,"href":"https:\/\/cantare-et-sonare.de\/index.php?rest_route=\/wp\/v2\/pages\/28\/revisions"}],"predecessor-version":[{"id":479,"href":"https:\/\/cantare-et-sonare.de\/index.php?rest_route=\/wp\/v2\/pages\/28\/revisions\/479"}],"wp:attachment":[{"href":"https:\/\/cantare-et-sonare.de\/index.php?rest_route=%2Fwp%2Fv2%2Fmedia&parent=28"}],"curies":[{"name":"wp","href":"https:\/\/api.w.org\/{rel}","templated":true}]}}