{"id":48,"date":"2019-04-03T18:51:46","date_gmt":"2019-04-03T18:51:46","guid":{"rendered":"http:\/\/cantare-et-sonare.de\/?page_id=48"},"modified":"2023-02-03T09:50:52","modified_gmt":"2023-02-03T09:50:52","slug":"kontakt","status":"publish","type":"page","link":"https:\/\/cantare-et-sonare.de\/?page_id=48","title":{"rendered":"Kontakt"},"content":{"rendered":"\n<p> <strong>Cantare et Sonare &#8211; Kammerchor Rheinland<\/strong><br><\/p>\n\n\n\n<p>Vertreten durch die 1. Vorsitzende:<br>Gabriele R\u00f6der<br>Gerhard-van-Clev-Stra\u00dfe 23<br>47495 Rheinberg<br>Tel.: 02843 \/ 8324<br><br>E-Mail: info@cantare-et-sonare.de<\/p>\n\n\n\n<p><\/p>\n\n\n\n<p class=\"has-text-align-left\"><strong>Vorstand und Kontakt:<\/strong><br>Gabriele R\u00f6der  (1. Vorsitzende)<br>Tel.: 02843 8324<br><br>Ulrike Bertram  (2. Vorsitzende und Kassenwartin)<br>Tel.: 02804 182366<br><br>Willem Winschuh  (Dirigent und k\u00fcnstlerischer Leiter)<br><br>Dorothee H\u00f6bler  (Schriftf\u00fchrerin)<br>Tel.: 02802 3992 <br><br>Elisabeth Eschenbr\u00fccher  (Beisitzerin)<br>Tel.: 02841 8204 <br> <br><\/p>\n\n\n\n<p>Homepage:<strong> <a href=\"http:\/\/www.cantare-et-sonare.de\">www.cantare-et-sonare.de<\/a><\/strong><\/p>\n\n\n\n<p><strong>Bankverbindung:<\/strong><\/p>\n\n\n\n<p>Niederrheinische Sparkasse RheinLippe<br> Cantare et Sonare<br> IBAN: DE89 3565 0000 0001 0320 10  <br> BlC: WELADED1WES <\/p>\n","protected":false},"excerpt":{"rendered":"<p>Cantare et Sonare &#8211; Kammerchor Rheinland Vertreten durch die 1. Vorsitzende:Gabriele R\u00f6derGerhard-van-Clev-Stra\u00dfe 2347495 RheinbergTel.: 02843 \/ 8324 E-Mail: info@cantare-et-sonare.de Vorstand und Kontakt:Gabriele R\u00f6der (1. Vorsitzende)Tel.: 02843 8324 Ulrike Bertram (2. Vorsitzende und Kassenwartin)Tel.: 02804 182366 Willem Winschuh (Dirigent und k\u00fcnstlerischer Leiter) Dorothee H\u00f6bler (Schriftf\u00fchrerin)Tel.: 02802 3992 Elisabeth Eschenbr\u00fccher (Beisitzerin)Tel.: 02841 8204 Homepage: www.cantare-et-sonare.de Bankverbindung: Niederrheinische &hellip; <\/p>\n<p class=\"link-more\"><a href=\"https:\/\/cantare-et-sonare.de\/?page_id=48\" class=\"more-link\"><span class=\"screen-reader-text\">\u201eKontakt\u201c <\/span>weiterlesen<\/a><\/p>\n","protected":false},"author":1,"featured_media":0,"parent":0,"menu_order":0,"comment_status":"closed","ping_status":"closed","template":"","meta":{"ngg_post_thumbnail":0,"footnotes":""},"class_list":["post-48","page","type-page","status-publish","hentry"],"_links":{"self":[{"href":"https:\/\/cantare-et-sonare.de\/index.php?rest_route=\/wp\/v2\/pages\/48","targetHints":{"allow":["GET"]}}],"collection":[{"href":"https:\/\/cantare-et-sonare.de\/index.php?rest_route=\/wp\/v2\/pages"}],"about":[{"href":"https:\/\/cantare-et-sonare.de\/index.php?rest_route=\/wp\/v2\/types\/page"}],"author":[{"embeddable":true,"href":"https:\/\/cantare-et-sonare.de\/index.php?rest_route=\/wp\/v2\/users\/1"}],"replies":[{"embeddable":true,"href":"https:\/\/cantare-et-sonare.de\/index.php?rest_route=%2Fwp%2Fv2%2Fcomments&post=48"}],"version-history":[{"count":17,"href":"https:\/\/cantare-et-sonare.de\/index.php?rest_route=\/wp\/v2\/pages\/48\/revisions"}],"predecessor-version":[{"id":414,"href":"https:\/\/cantare-et-sonare.de\/index.php?rest_route=\/wp\/v2\/pages\/48\/revisions\/414"}],"wp:attachment":[{"href":"https:\/\/cantare-et-sonare.de\/index.php?rest_route=%2Fwp%2Fv2%2Fmedia&parent=48"}],"curies":[{"name":"wp","href":"https:\/\/api.w.org\/{rel}","templated":true}]}}