{"id":600,"date":"2024-09-08T09:52:14","date_gmt":"2024-09-08T09:52:14","guid":{"rendered":"http:\/\/cantare-et-sonare.de\/?page_id=600"},"modified":"2026-04-07T22:34:57","modified_gmt":"2026-04-07T22:34:57","slug":"herzlich-wilkommen-bei-cantare-et-sonare","status":"publish","type":"page","link":"https:\/\/cantare-et-sonare.de\/","title":{"rendered":"Start"},"content":{"rendered":"\n<h2 class=\"wp-block-heading has-text-align-center\">Herzlich willkommen bei Cantare et Sonare<\/h2>\n\n\n\n<p class=\"has-text-align-center has-pale-cyan-blue-background-color has-background\"><strong>Das n\u00e4chste Konzert: <\/strong> <br><br> <strong>&#8222;Das Leben hat besiegt den Tod&#8220;<br>10. April 2026, 19:00 Uhr , <\/strong><br><strong>St. Patrokli Dom, Domplatz, 59494 Soest<\/strong><br><a href=\"https:\/\/cantare-et-sonare.de\/?page_id=893\" data-type=\"page\" data-id=\"893\">Mehr &#8211;><\/a><\/p>\n\n\n\n<p class=\"has-pale-cyan-blue-background-color has-background\">Tip: Wenn Sie eine Info zum kommenden Konzert bekommen m\u00f6chten, melden Sie sich bitte an <strong>f<a href=\"https:\/\/cantare-et-sonare.de\/?page_id=570\" data-type=\"page\" data-id=\"570\">\u00fcr unseren gratis Newsletter.<\/a><\/strong><\/p>\n\n\n<div class=\"wp-block-image\">\n<figure class=\"aligncenter size-large is-resized\"><img loading=\"lazy\" decoding=\"async\" width=\"1024\" height=\"572\" src=\"https:\/\/cantare-et-sonare.de\/wp-content\/uploads\/2021\/11\/Benefiz-Konzert-2-1024x572.jpg\" alt=\"Benefizkonzert am 31.10.2021 in Moers\" class=\"wp-image-327\" style=\"aspect-ratio:1.7901726427622842;width:431px;height:auto\" srcset=\"https:\/\/cantare-et-sonare.de\/wp-content\/uploads\/2021\/11\/Benefiz-Konzert-2-1024x572.jpg 1024w, https:\/\/cantare-et-sonare.de\/wp-content\/uploads\/2021\/11\/Benefiz-Konzert-2-300x168.jpg 300w, https:\/\/cantare-et-sonare.de\/wp-content\/uploads\/2021\/11\/Benefiz-Konzert-2-768x429.jpg 768w, https:\/\/cantare-et-sonare.de\/wp-content\/uploads\/2021\/11\/Benefiz-Konzert-2-1536x858.jpg 1536w, https:\/\/cantare-et-sonare.de\/wp-content\/uploads\/2021\/11\/Benefiz-Konzert-2.jpg 1705w\" sizes=\"auto, (max-width: 767px) 89vw, (max-width: 1000px) 54vw, (max-width: 1071px) 543px, 580px\" \/><\/figure>\n<\/div>\n\n\n<p>Wir sind der Chor Rheinland &#8222;Cantare et Sonare&#8220;. <br>Zun\u00e4chst wollen wir unseren k\u00fcnstlerischen Leiter vorstellen: <br><br><strong>Willem Winschuh<\/strong>, k\u00fcnstlerischer Leiter des Kammerchores, wurde am Niederrhein geboren. Schon als 16-j\u00e4hriger Sch\u00fcler begann seine musikalische Ausbildung als Jungstudierender bei Professor Dr. Rudolf Ewerhart (Chorleitung) in M\u00fcnster. Auch erhielt er Unterricht bei Professor Dr. Winfried Schlepphorst und bei dem Komponisten Erich Robert Sorge.<br><strong><a href=\"https:\/\/cantare-et-sonare.de\/?page_id=604\" data-type=\"page\" data-id=\"604\">Erfahren Sie mehr \u00fcber Willem Winschuh &#8230;&#8230;<\/a><\/strong><\/p>\n\n\n\n<p><strong>Chor und Musik<\/strong><br>Die S\u00e4ngerinnen und S\u00e4nger des Kammerchores Rheinland \u201eCantare et et Sonare\u201c haben sich von Beginn an das Ziel gesetzt, die vokale Musik aus Renaissance, Fr\u00fchbarock, Barock, Romantik und Moderne in w\u00f6chentlichen Proben und gesonderten Probenwochenenden akribisch und mit Freude zu erarbeiten. <strong><a href=\"https:\/\/cantare-et-sonare.de\/?page_id=24\" data-type=\"page\" data-id=\"24\">Lesen Sie weiter &#8230;.<\/a><\/strong><\/p>\n\n\n\n<p><strong>H\u00f6ren sie uns!<\/strong> Durch einen Konzertbesuch lernen Sie uns am Besten kennen, aber zuvor k\u00f6nnen sie uns auch h\u00f6ren! Dazu haben wir einige Klangbeispiele und auch Videos f\u00fcr Sie gesammelt, die finden Sie in unserer <strong><a href=\"https:\/\/cantare-et-sonare.de\/?page_id=118\" data-type=\"page\" data-id=\"118\">Audio-Mediathek<\/a><\/strong> oder <strong><a href=\"https:\/\/cantare-et-sonare.de\/?page_id=42\">Video-Mediathek<\/a><\/strong><\/p>\n\n\n\n<p>Singen macht Freude, es kommen hier ganz verschiedene Menschen zusammen und suchen Harmonie und Tiefe. Wenn sie mehr erfahren m\u00f6chten \u00fcber unsere Erfahrungen als Musizierende, dann <strong>lese gerne hier weiter&#8230;.<\/strong>(demn\u00e4chst)<\/p>\n\n\n\n<p>Helfen sie uns bitte! Die Verbreitung und Ver\u00f6ffentlichung unserer Konzerte ist sehr arbeitsintensiv. Wenn Sie diese Webseite mit Ihren Musikfreunden teilen, helfen sie uns, ein gr\u00f6\u00dferes Publikum zu erreichen. Wir werden es Ihnen mit sch\u00f6ner Musik danken! <strong>Lesen Sie mehr dar\u00fcber&#8230;.<\/strong>(demn\u00e4chst)<\/p>\n\n\n\n<p><\/p>\n","protected":false},"excerpt":{"rendered":"<p>Herzlich willkommen bei Cantare et Sonare Das n\u00e4chste Konzert: &#8222;Das Leben hat besiegt den Tod&#8220;10. April 2026, 19:00 Uhr , St. Patrokli Dom, Domplatz, 59494 SoestMehr &#8211;> Tip: Wenn Sie eine Info zum kommenden Konzert bekommen m\u00f6chten, melden Sie sich bitte an f\u00fcr unseren gratis Newsletter. Wir sind der Chor Rheinland &#8222;Cantare et Sonare&#8220;. Zun\u00e4chst &hellip; <\/p>\n<p class=\"link-more\"><a href=\"https:\/\/cantare-et-sonare.de\/\" class=\"more-link\"><span class=\"screen-reader-text\">\u201eStart\u201c <\/span>weiterlesen<\/a><\/p>\n","protected":false},"author":2,"featured_media":0,"parent":0,"menu_order":0,"comment_status":"closed","ping_status":"closed","template":"","meta":{"ngg_post_thumbnail":0,"footnotes":""},"class_list":["post-600","page","type-page","status-publish","hentry"],"_links":{"self":[{"href":"https:\/\/cantare-et-sonare.de\/index.php?rest_route=\/wp\/v2\/pages\/600","targetHints":{"allow":["GET"]}}],"collection":[{"href":"https:\/\/cantare-et-sonare.de\/index.php?rest_route=\/wp\/v2\/pages"}],"about":[{"href":"https:\/\/cantare-et-sonare.de\/index.php?rest_route=\/wp\/v2\/types\/page"}],"author":[{"embeddable":true,"href":"https:\/\/cantare-et-sonare.de\/index.php?rest_route=\/wp\/v2\/users\/2"}],"replies":[{"embeddable":true,"href":"https:\/\/cantare-et-sonare.de\/index.php?rest_route=%2Fwp%2Fv2%2Fcomments&post=600"}],"version-history":[{"count":46,"href":"https:\/\/cantare-et-sonare.de\/index.php?rest_route=\/wp\/v2\/pages\/600\/revisions"}],"predecessor-version":[{"id":918,"href":"https:\/\/cantare-et-sonare.de\/index.php?rest_route=\/wp\/v2\/pages\/600\/revisions\/918"}],"wp:attachment":[{"href":"https:\/\/cantare-et-sonare.de\/index.php?rest_route=%2Fwp%2Fv2%2Fmedia&parent=600"}],"curies":[{"name":"wp","href":"https:\/\/api.w.org\/{rel}","templated":true}]}}