{"id":604,"date":"2024-09-08T10:09:28","date_gmt":"2024-09-08T10:09:28","guid":{"rendered":"http:\/\/cantare-et-sonare.de\/?page_id=604"},"modified":"2025-07-20T17:16:24","modified_gmt":"2025-07-20T17:16:24","slug":"willem-winschuh","status":"publish","type":"page","link":"https:\/\/cantare-et-sonare.de\/?page_id=604","title":{"rendered":"Willem Winschuh"},"content":{"rendered":"\n<figure class=\"wp-block-image size-large\"><img loading=\"lazy\" decoding=\"async\" width=\"1024\" height=\"646\" src=\"https:\/\/cantare-et-sonare.de\/wp-content\/uploads\/2019\/04\/Willem-Winschuh-1024x646.jpg\" alt=\"\" class=\"wp-image-57\" srcset=\"https:\/\/cantare-et-sonare.de\/wp-content\/uploads\/2019\/04\/Willem-Winschuh-1024x646.jpg 1024w, https:\/\/cantare-et-sonare.de\/wp-content\/uploads\/2019\/04\/Willem-Winschuh-300x189.jpg 300w, https:\/\/cantare-et-sonare.de\/wp-content\/uploads\/2019\/04\/Willem-Winschuh-768x485.jpg 768w, https:\/\/cantare-et-sonare.de\/wp-content\/uploads\/2019\/04\/Willem-Winschuh.jpg 1593w\" sizes=\"auto, (max-width: 767px) 89vw, (max-width: 1000px) 54vw, (max-width: 1071px) 543px, 580px\" \/><\/figure>\n\n\n\n<p><\/p>\n\n\n\n<p><strong>Willem Winschuh<\/strong> wurde am Niederrhein geboren. Schon als 16-j\u00e4hriger Sch\u00fcler begann seine musikalische Ausbildung als Jungstudierender bei Professor Dr. Rudolf Ewerhart<br>(Chorleitung) in M\u00fcnster. Auch erhielt er Unterricht bei seinen f\u00f6rdernden und wegweisenden Lehrern Professor Dr. Winfried Schlepphorst (k\u00fcnstlerisches und liturgisches Orgelspiel) und bei dem Komponisten Erich Robert Sorge.<\/p>\n\n\n\n<p>Nach Absolvierung seiner musikalischen und p\u00e4dagogischen Studien an der Hochschule f\u00fcr Musik Westfalen-Lippe Detmold, an der Westf\u00e4lischen Wilhelms-Universit\u00e4t M\u00fcnster und an der Robert-Schumann- Hochschule f\u00fcr Musik D\u00fcsseldorf schlossen sich erg\u00e4nzende k\u00fcnstlerische Studien u. a. im Fach Komposition an. Durch ein Stipendium konnte er wichtige und wertvolle Impulse f\u00fcr Orgelimprovisation durch den Orgelvirtuosen und Komponisten Jean Langlais (Paris) erfahren.<\/p>\n\n\n\n<p>Kurz nach seinem Amtsantritt als \u00fcberpfarrlicher Kantor in Wesel wurde er von der Di\u00f6zese M\u00fcnster zum Regionalkantor berufen. Von 1980 bis 2019 lehrte er an der Kirchenmusikschule M\u00fcnster und war Mitglied der Pr\u00fcfungs- und Kirchenmusikkommission.<\/p>\n\n\n\n<p>Seine kompositorische T\u00e4tigkeit umfasst Chor- und Instrumentalwerke sowie verschiedene Auftragskompositionen. Eine der Auftragskompositionen erklang im Petersdom Rom anl\u00e4sslich der Seligsprechung des M\u00fcnsteraner Kardinals Clemens August Graf von Galen, die als Eurovisions-Sendung vom Rundfunk \u00fcbertragen wurde.<\/p>\n\n\n\n<p>Dar\u00fcberhinaus werden Kompositionen von Willem Winschuh von renommierten K\u00fcnstlerinnen und K\u00fcnstlern aufgef\u00fchrt. Einige seiner Kompositionen wurden im Rundfunk \u00fcbertragen. Willem Winschuh ist bis heute musikp\u00e4dagogisch und k\u00fcnstlerisch vielseitig t\u00e4tig. Er unterrichtet Studierende im Fachbereich Musik sowie in einem gesonderten Lehrauftrag Abiturient:innen, die sich auf das Bestehen der Zulassungspr\u00fcfungen zur Erlangung eines Studienplatzes an einer Hochschule f\u00fcr Musik vorbereiten. Er ist der k\u00fcnstlerische Leiter des von ihm gegr\u00fcndeten Kammerchores Rheinland \u201eCantare et Sonare\u201c. Konzertreisen f\u00fchrten ihn in die Benelux-Staaten, nach Italien, Spanien und nach Israel.<\/p>\n","protected":false},"excerpt":{"rendered":"<p>Willem Winschuh wurde am Niederrhein geboren. Schon als 16-j\u00e4hriger Sch\u00fcler begann seine musikalische Ausbildung als Jungstudierender bei Professor Dr. Rudolf Ewerhart(Chorleitung) in M\u00fcnster. Auch erhielt er Unterricht bei seinen f\u00f6rdernden und wegweisenden Lehrern Professor Dr. Winfried Schlepphorst (k\u00fcnstlerisches und liturgisches Orgelspiel) und bei dem Komponisten Erich Robert Sorge. Nach Absolvierung seiner musikalischen und p\u00e4dagogischen Studien &hellip; <\/p>\n<p class=\"link-more\"><a href=\"https:\/\/cantare-et-sonare.de\/?page_id=604\" class=\"more-link\"><span class=\"screen-reader-text\">\u201eWillem Winschuh\u201c <\/span>weiterlesen<\/a><\/p>\n","protected":false},"author":2,"featured_media":0,"parent":0,"menu_order":0,"comment_status":"closed","ping_status":"closed","template":"","meta":{"ngg_post_thumbnail":0,"footnotes":""},"class_list":["post-604","page","type-page","status-publish","hentry"],"_links":{"self":[{"href":"https:\/\/cantare-et-sonare.de\/index.php?rest_route=\/wp\/v2\/pages\/604","targetHints":{"allow":["GET"]}}],"collection":[{"href":"https:\/\/cantare-et-sonare.de\/index.php?rest_route=\/wp\/v2\/pages"}],"about":[{"href":"https:\/\/cantare-et-sonare.de\/index.php?rest_route=\/wp\/v2\/types\/page"}],"author":[{"embeddable":true,"href":"https:\/\/cantare-et-sonare.de\/index.php?rest_route=\/wp\/v2\/users\/2"}],"replies":[{"embeddable":true,"href":"https:\/\/cantare-et-sonare.de\/index.php?rest_route=%2Fwp%2Fv2%2Fcomments&post=604"}],"version-history":[{"count":5,"href":"https:\/\/cantare-et-sonare.de\/index.php?rest_route=\/wp\/v2\/pages\/604\/revisions"}],"predecessor-version":[{"id":795,"href":"https:\/\/cantare-et-sonare.de\/index.php?rest_route=\/wp\/v2\/pages\/604\/revisions\/795"}],"wp:attachment":[{"href":"https:\/\/cantare-et-sonare.de\/index.php?rest_route=%2Fwp%2Fv2%2Fmedia&parent=604"}],"curies":[{"name":"wp","href":"https:\/\/api.w.org\/{rel}","templated":true}]}}