{"id":613,"date":"2024-09-08T10:31:30","date_gmt":"2024-09-08T10:31:30","guid":{"rendered":"https:\/\/cantare-et-sonare.de\/?page_id=613"},"modified":"2024-10-14T15:10:56","modified_gmt":"2024-10-14T15:10:56","slug":"konzert-2024-10-27","status":"publish","type":"page","link":"https:\/\/cantare-et-sonare.de\/?page_id=613","title":{"rendered":"Konzert 27.10.2024"},"content":{"rendered":"\n<p><\/p>\n\n\n\n<p><strong>Chor- und Instrumentalkonzert des Kammerchores Rheinland <\/strong><br><strong>&#8222;Cantare et Sonare&#8220; <\/strong><strong>in der \u00f6kumenischen Nikolaus-Kirche Orsoy<br><\/strong><br><strong>Postalische Anschrift: Ecke Kuhstra\u00dfe\/ Egerstrasse<br>47495 Rheinberg-Orsoy<\/strong><br><\/p>\n\n\n\n<p>Die evangelische Kirchengemeinde Orsoy l\u00e4dt herzlich ein zu einem Chor- und Instrumentalkonzert des Kammerchores Rheinland &#8222;Cantare et Sonare&#8220;, das am Sonntag, dem 27. Oktober 2024, um 17 Uhr in der \u00f6kumenischen Nikolaus-Kirche stattfinden wird.<br><br>Unter der \u00dcberschrift &#8222;Zeit und Ewigkeit&#8220; werden in diesem Konzert Chor- und Instrumentalwerke von Komponisten des Fr\u00fchbarock bis hin zur Moderne dargeboten. <\/p>\n\n\n\n<p>Besondere Akzente im Verlauf des Programms sind das Pr\u00e9lude Nr. 10 &#8222;La cath\u00e9drale engloutie&#8220; f\u00fcr Klavier von Claude Debussy (Begr\u00fcnder des musikalischen Impressionismus) und die von Gabriel Faur\u00e9 1881 komponierte &#8222;Messe basse&#8220;, ein Vokalwerk, das in eine friedvolle Ruhe f\u00fchrt. Die Werke bilden eine Br\u00fccke zur Musik des 20. Jahrhunderts.<br><br>Der Kammerchor Rheinland &#8222;Cantare et Sonare&#8220; wird Chorliteratur von den f\u00fcr die europ\u00e4ische Musikgeschichte bedeutenden Komponisten Claudio Monteverdi, Thomas Tallis, Johann Michael Bach und Giovanni Battista Casali pr\u00e4sentieren.<br><br>Aus der Romantik erklingen die von Felix Mendelssohn Bartholdy f\u00fcr gemischten Chor a cappella komponierten Chorwerke &#8222;Wer bis an das Ende beharrt&#8220; und &#8222;Hebe deine Augen auf&#8220; und das von Josef Rheinberger komponierte Abendlied &#8222;Bleib bei uns, denn es will Abend werden&#8220; im Chorsatz zu sechs Stimmen a cappella.<br><br>Auch die in diesem Konzert dargebotene zeitgen\u00f6ssische Musik,&#8220;Kyrie eleison&#8220; von Henk Geerlings, die Antiphon &#8222;Lux aeterna&#8220; f\u00fcr Saxophon, Fl\u00f6te und Orgel, die Fantasie &#8222;Nachtfacetten&#8220; f\u00fcr Violoncello und Klavier und die Motette &#8222;Die mit Tr\u00e4nen s\u00e4en, werden mit Freuden ernten&#8220; (Psalm 126, 5-6) f\u00fcr gemischten Chor a cappella von Willem Winschuh und die beeindruckende hochemotionale Chorkomposition nach Johann Sebastian Bachs Choral &#8222;Komm, s\u00fc\u00dfer Tod&#8220; des skandinavischen Komponisten Knut Nystedt m\u00f6chten auf den zentralen Gedanken &#8222;Zeit und Ewigkeit&#8220; hinweisen.<br><br>Eine Schriftlesung (NT) und Gedichte von Andreas Gryphius, Ingeborg Bachmann und Hilde Domin, rezitiert von Pfarrer Heiner Augustin, stehen in Verbindung mit der an diesem Abend aufgef\u00fchrten Chor- und Instrumentalmusik.<br><\/p>\n\n\n\n<p><strong>Die Ausf\u00fchrenden des Konzertes sind:<\/strong><br>Anne Wefelnberg, Sopran<br>Monika Seiler, Flauto dolce\/ Flauto traverso<br>Isabel von Jakubowski, Klavier<br>Mirjam Hardenberg, Violoncello<br>Dave Tchorz, Saxophon<br>Willem Winschuh, Orgel<br>Pfarrer Heiner Augustin, Rezitation<br>Kammerchor Rheinland &#8222;Cantare et Sonare&#8220;<br>K\u00fcnstlerische Leitung: Willem Winschuh<br><\/p>\n\n\n\n<p>Zu diesem Konzert wird kein Kostenbeitrag erhoben.<br>Die M\u00f6glichkeit zu einer Spende besteht im Anschluss am Ausgang der Kirche.<\/p>\n\n\n\n<p><\/p>\n","protected":false},"excerpt":{"rendered":"<p>Chor- und Instrumentalkonzert des Kammerchores Rheinland &#8222;Cantare et Sonare&#8220; in der \u00f6kumenischen Nikolaus-Kirche OrsoyPostalische Anschrift: Ecke Kuhstra\u00dfe\/ Egerstrasse47495 Rheinberg-Orsoy Die evangelische Kirchengemeinde Orsoy l\u00e4dt herzlich ein zu einem Chor- und Instrumentalkonzert des Kammerchores Rheinland &#8222;Cantare et Sonare&#8220;, das am Sonntag, dem 27. Oktober 2024, um 17 Uhr in der \u00f6kumenischen Nikolaus-Kirche stattfinden wird. Unter der &hellip; <\/p>\n<p class=\"link-more\"><a href=\"https:\/\/cantare-et-sonare.de\/?page_id=613\" class=\"more-link\"><span class=\"screen-reader-text\">\u201eKonzert 27.10.2024\u201c <\/span>weiterlesen<\/a><\/p>\n","protected":false},"author":2,"featured_media":0,"parent":0,"menu_order":0,"comment_status":"closed","ping_status":"closed","template":"","meta":{"ngg_post_thumbnail":0,"footnotes":""},"class_list":["post-613","page","type-page","status-publish","hentry"],"_links":{"self":[{"href":"https:\/\/cantare-et-sonare.de\/index.php?rest_route=\/wp\/v2\/pages\/613","targetHints":{"allow":["GET"]}}],"collection":[{"href":"https:\/\/cantare-et-sonare.de\/index.php?rest_route=\/wp\/v2\/pages"}],"about":[{"href":"https:\/\/cantare-et-sonare.de\/index.php?rest_route=\/wp\/v2\/types\/page"}],"author":[{"embeddable":true,"href":"https:\/\/cantare-et-sonare.de\/index.php?rest_route=\/wp\/v2\/users\/2"}],"replies":[{"embeddable":true,"href":"https:\/\/cantare-et-sonare.de\/index.php?rest_route=%2Fwp%2Fv2%2Fcomments&post=613"}],"version-history":[{"count":4,"href":"https:\/\/cantare-et-sonare.de\/index.php?rest_route=\/wp\/v2\/pages\/613\/revisions"}],"predecessor-version":[{"id":648,"href":"https:\/\/cantare-et-sonare.de\/index.php?rest_route=\/wp\/v2\/pages\/613\/revisions\/648"}],"wp:attachment":[{"href":"https:\/\/cantare-et-sonare.de\/index.php?rest_route=%2Fwp%2Fv2%2Fmedia&parent=613"}],"curies":[{"name":"wp","href":"https:\/\/api.w.org\/{rel}","templated":true}]}}