{"id":685,"date":"2024-11-11T17:47:59","date_gmt":"2024-11-11T17:47:59","guid":{"rendered":"https:\/\/cantare-et-sonare.de\/?page_id=685"},"modified":"2024-11-12T11:29:50","modified_gmt":"2024-11-12T11:29:50","slug":"konzert-14-dezember-2024","status":"publish","type":"page","link":"https:\/\/cantare-et-sonare.de\/?page_id=685","title":{"rendered":"Konzert 14 Dezember 2024"},"content":{"rendered":"\n<p class=\"has-text-align-center has-black-color has-text-color has-link-color wp-elements-de48761d11a904e1a30cb9467306d0e0\" style=\"font-size:29px\"><strong>Klangvoller Advent &#8211; Ch\u00f6re, eine Botschaft<\/strong><br><strong>Samstag, 14. Dezember 20 24<\/strong><br><strong>17. 00 Uhr<\/strong><br><strong>Br\u00fcner Dorfkirche<\/strong><br>Hamminkeln-Br\u00fcnen<\/p>\n\n\n\n<p>Die Weihnachtszeit und das Singen sind untrennbar mitenander verbunden. Sie bilden eine harmonische und zugleich mystische Einheit; seit Anbeginn des Christentums gilt es als h\u00f6chste Form des Lobes, die frohe Botschaft mit seinem Gesang zu feiern und zu verbreiten.<\/p>\n\n\n\n<p>Die Chormusik ist daher reich an Werken \u00fcber den Zauber des Advents, \u00fcber die Verhei\u00dfung, \u00fcber die Reise der schwangeren Maria mit ihrem Mann Josef.<\/p>\n\n\n\n<p>Der Niederrheinische Kammerchor unter der Leitung von Peter Winking und der Kammerchor \u201eCantare et Sonare\u201c unter der Leitung von Willem Winschuh laden zu einem gemeinsam gestalteten Konzert ein, um diese musikalische Tradition lebendig werden zu lassen. Mit einer Auswahl an festlicher und besinnlicher Chormusik m\u00f6chten die beiden Ch\u00f6re die Faszination des Advents nahebringen.<\/p>\n\n\n\n<p>Den Auftakt gestaltet der Kammerchor Rheinland, der die Reise und Geschichte Marias gem\u00e4\u00df der Abfolge des Lukasevangelium musikalisch abwechslungsreich nachzeichnet. Zu Geh\u00f6r gebracht werden St\u00fccke von Palestrina, Hammerschmidt, Brahms, Faur\u00e9 u.a.<\/p>\n\n\n\n<p>Anschlie\u00dfend singen dann beide Ch\u00f6re vereint, bevor der Niederrheinische Kammerchor mit seinem Programm auf das Ankommen des Heilands einstimmt und die Liebe Gottes zum Menschen besingt. Es erklingen Werke von Homilius, Stainer, Kodahy, MacMillan, u.a.<\/p>\n\n\n\n<p class=\"has-medium-font-size\"><strong>Mitwirkende<\/strong><br>Anne Wefelnberg, Sopran<br>Peter Winking, Tenor<br>Isabel von Jakubowski, Klavier<br>Dave Tchorz, Saxophon<br>Willem Winschuh, Orgel<\/p>\n\n\n\n<p class=\"has-medium-font-size\"><br><strong>Kammerchor Rheinland &#8222;Cantare et Sonare&#8220;<\/strong><br>Willem Winschuh, k\u00fcnstlerische Leitung<br><strong>Niederrheinischer Kammerchor<\/strong><br>Peter Winking, k\u00fcnstlerische Leitung<\/p>\n\n\n\n<p class=\"has-medium-font-size\"><strong>Vorverkauf:   12,- Euro bei: <\/strong><br>www.niederrheinischerkammerchor.de \/ www.cantare-et-sonare.de<br>Buchhandlung Korn, Br\u00fcckstr. 13, Wesel<br>Br\u00fcner Schreib- und Spielwaren, Kirchplatz 2 , Br\u00fcnen<br>Ev. Gemeindeb\u00fcro, Rohstr. 18, Br\u00fcnen<br><strong>Abendkasse:  15,- Euro<\/strong><\/p>\n","protected":false},"excerpt":{"rendered":"<p>Klangvoller Advent &#8211; Ch\u00f6re, eine BotschaftSamstag, 14. Dezember 20 2417. 00 UhrBr\u00fcner DorfkircheHamminkeln-Br\u00fcnen Die Weihnachtszeit und das Singen sind untrennbar mitenander verbunden. Sie bilden eine harmonische und zugleich mystische Einheit; seit Anbeginn des Christentums gilt es als h\u00f6chste Form des Lobes, die frohe Botschaft mit seinem Gesang zu feiern und zu verbreiten. Die Chormusik ist &hellip; <\/p>\n<p class=\"link-more\"><a href=\"https:\/\/cantare-et-sonare.de\/?page_id=685\" class=\"more-link\"><span class=\"screen-reader-text\">\u201eKonzert 14 Dezember 2024\u201c <\/span>weiterlesen<\/a><\/p>\n","protected":false},"author":2,"featured_media":0,"parent":0,"menu_order":0,"comment_status":"closed","ping_status":"closed","template":"","meta":{"ngg_post_thumbnail":0,"footnotes":""},"class_list":["post-685","page","type-page","status-publish","hentry"],"_links":{"self":[{"href":"https:\/\/cantare-et-sonare.de\/index.php?rest_route=\/wp\/v2\/pages\/685","targetHints":{"allow":["GET"]}}],"collection":[{"href":"https:\/\/cantare-et-sonare.de\/index.php?rest_route=\/wp\/v2\/pages"}],"about":[{"href":"https:\/\/cantare-et-sonare.de\/index.php?rest_route=\/wp\/v2\/types\/page"}],"author":[{"embeddable":true,"href":"https:\/\/cantare-et-sonare.de\/index.php?rest_route=\/wp\/v2\/users\/2"}],"replies":[{"embeddable":true,"href":"https:\/\/cantare-et-sonare.de\/index.php?rest_route=%2Fwp%2Fv2%2Fcomments&post=685"}],"version-history":[{"count":2,"href":"https:\/\/cantare-et-sonare.de\/index.php?rest_route=\/wp\/v2\/pages\/685\/revisions"}],"predecessor-version":[{"id":691,"href":"https:\/\/cantare-et-sonare.de\/index.php?rest_route=\/wp\/v2\/pages\/685\/revisions\/691"}],"wp:attachment":[{"href":"https:\/\/cantare-et-sonare.de\/index.php?rest_route=%2Fwp%2Fv2%2Fmedia&parent=685"}],"curies":[{"name":"wp","href":"https:\/\/api.w.org\/{rel}","templated":true}]}}