{"id":810,"date":"2025-09-24T06:01:30","date_gmt":"2025-09-24T06:01:30","guid":{"rendered":"https:\/\/cantare-et-sonare.de\/?page_id=810"},"modified":"2025-11-21T09:21:28","modified_gmt":"2025-11-21T09:21:28","slug":"konzert-7-dezember-2025","status":"publish","type":"page","link":"https:\/\/cantare-et-sonare.de\/?page_id=810","title":{"rendered":"Konzert 7. Dezember 2025"},"content":{"rendered":"\n<p><\/p>\n\n\n\n<p><\/p>\n\n\n\n<p><strong>Chor- und Instrumentalkonzert in der katholischen Pfarrkirche St. Anna Kleve-Materborn<\/strong> <strong>Sonntag, 7. Dezember 2025, 17 Uhr<\/strong><\/p>\n\n\n\n<figure class=\"wp-block-image size-large\"><img loading=\"lazy\" decoding=\"async\" width=\"1024\" height=\"445\" src=\"https:\/\/cantare-et-sonare.de\/wp-content\/uploads\/2025\/02\/2024_07_05-Ehem.-Abteikirche-Kloster-Corvey-Hoexter-1024x445.jpg\" alt=\"\" class=\"wp-image-697\" srcset=\"https:\/\/cantare-et-sonare.de\/wp-content\/uploads\/2025\/02\/2024_07_05-Ehem.-Abteikirche-Kloster-Corvey-Hoexter-1024x445.jpg 1024w, https:\/\/cantare-et-sonare.de\/wp-content\/uploads\/2025\/02\/2024_07_05-Ehem.-Abteikirche-Kloster-Corvey-Hoexter-300x130.jpg 300w, https:\/\/cantare-et-sonare.de\/wp-content\/uploads\/2025\/02\/2024_07_05-Ehem.-Abteikirche-Kloster-Corvey-Hoexter-768x334.jpg 768w, https:\/\/cantare-et-sonare.de\/wp-content\/uploads\/2025\/02\/2024_07_05-Ehem.-Abteikirche-Kloster-Corvey-Hoexter.jpg 1222w\" sizes=\"auto, (max-width: 767px) 89vw, (max-width: 1000px) 54vw, (max-width: 1071px) 543px, 580px\" \/><\/figure>\n\n\n\n<p><\/p>\n\n\n\n<p>Der Kammerchor wird unter dem Leitgedanken <em><strong>&#8222;Siehe, dein K\u00f6nig kommt zu dir&#8220;&nbsp;<\/strong><\/em>in einem musikalisch klangreichen und spannungsreichen Bogen Chorwerke in Verbindung mit Instrumentalmusik von europ\u00e4ischen Komponisten im Verlauf dieses adventlichen Konzertes darbieten.<\/p>\n\n\n\n<p>Er\u00f6ffnet wird das adventliche Konzert mit der sechsstimmigen Motette \u201eM<em>achet die Tore weit\u201c <\/em>von Andreas Hammerschmidt. Mit dem Orgelchoral und dem sich anschlie\u00dfenden Chorsatz<em> \u201eWachet auf, ruft uns die Stimme\u201c <\/em>(aus der gleichnamigen Kantate BWV 140) von Johann Sebastian Bach wird die Wiederkunft Christi beschrieben.<br>Die f\u00fcr gem. Chor vertonten O-Antiphonen zum Advent von Zolt\u00e1n Kod\u00e1ly und die Variationen f\u00fcr Orgel \u201e<em>O Heiland rei\u00df die Himmel auf\u201c <\/em>von Bruno Metzdorf bringen die Erwartung der Menschen auf den Eintritt Gottes in die Welt hervor.<br>Motetten der bedeutenden Komponisten Luis de Victoria, Hans Leo Ha\u00dfler, Johann Eccard und G.P. da Palestrina beschreiben in ihrer kunstvollen und affektiven Tonsprache drei Schl\u00fcsselszenen im Lukasevangelium: Gru\u00df und Botschaft des Engels, das &#8222;Ja&#8220; Mariens zur Mutterschaft des g\u00f6ttlichen Kindes und die Begegnung Mariens mit Elisabeth.<br>Die Kantate \u201e<em>Nun komm der Heiden Heiland\u201c f\u00fcr Soli, Chor und obligate Instrumente <\/em>von Georg Telemann beginnt mit einer feierlich majest\u00e4tischen Ouvert\u00fcre und dem altkirchlichen Hymnus im Chorsatz zu vier Stimmen. Telemann f\u00fchrt die Kantate weiter mit Arien, deren barocke Textdichtungen im Verbund mit der Musik einladen, sich f\u00fcr den kommenden Herrn zu \u00f6ffnen. Der Schlusschoral \u201e<em>Komm, du sch\u00f6ne Freudenkrone\u201c ist eine kurze kunstvolle Vertonung <\/em>eines Choralzitates aus dem Lied \u201e<em>Wie sch\u00f6n leuchtet der Morgenstern\u201c.<\/em><br>Die dreiteilige virtuos angelegte Psalmkantate \u201e<em>Lauda Jerusalem\u201c f\u00fcr konzertierenden Sopran, gem. Chor und Basso continuo des italienischen Fr\u00fchbarock-Komponisten Girolamo Galavotti<\/em> berichtet von der Menschenfreundlichkeit Gottes.<\/p>\n\n\n\n<p>So steht das Werk hier am Schluss des adventlichen Konzertes im Moment des Dankens f\u00fcr das nun bald endende Jahr 2025 und f\u00fcr den Segen und das Geleit im kommenden Jahr 2026.<br>Begleiten Sie uns auf eine musikalische Reise durch den Advent, die uns mit Chors\u00e4tzen, kunstvollen Motetten aus dem Zeitalter der Renaissance und mit Instrumentalmusik zur weihnachtlichen frohen Botschaft aus dem Lukasevangelium f\u00fchrt.<\/p>\n\n\n\n<p>Die Mitwirkenden des Konzerte sind:<\/p>\n\n\n\n<p>Anne Wefelnberg, Sopran<br>Vincent Kepser, Tenor<br>Monika Seiler, Traversfl\u00f6teBruno Metzdorf, Orgel<\/p>\n\n\n\n<p><strong>Kammerchor Rheinland \u201e<\/strong><em><strong>Cantare et Sonare\u201c<\/strong><\/em><br>K\u00fcnstlerische Leitung: Willem Winschuh<\/p>\n\n\n\n<p><strong>Da zu diesem Konzert kein Kostenbeitrag erhoben wird, bitten wir im Anschluss um eine Spende.<\/strong><\/p>\n\n\n\n<p><strong>Adresse der Kirche St. Anna:<\/strong><br><strong>Dorfstra\u00dfe 28<\/strong><br><strong>47533 Kleve-Materborn<\/strong><\/p>\n\n\n\n<p><\/p>\n\n\n\n<p><\/p>\n","protected":false},"excerpt":{"rendered":"<p>Chor- und Instrumentalkonzert in der katholischen Pfarrkirche St. Anna Kleve-Materborn Sonntag, 7. Dezember 2025, 17 Uhr Der Kammerchor wird unter dem Leitgedanken &#8222;Siehe, dein K\u00f6nig kommt zu dir&#8220;&nbsp;in einem musikalisch klangreichen und spannungsreichen Bogen Chorwerke in Verbindung mit Instrumentalmusik von europ\u00e4ischen Komponisten im Verlauf dieses adventlichen Konzertes darbieten. Er\u00f6ffnet wird das adventliche Konzert mit der &hellip; <\/p>\n<p class=\"link-more\"><a href=\"https:\/\/cantare-et-sonare.de\/?page_id=810\" class=\"more-link\"><span class=\"screen-reader-text\">\u201eKonzert 7. Dezember 2025\u201c <\/span>weiterlesen<\/a><\/p>\n","protected":false},"author":2,"featured_media":0,"parent":0,"menu_order":0,"comment_status":"closed","ping_status":"closed","template":"","meta":{"ngg_post_thumbnail":0,"footnotes":""},"class_list":["post-810","page","type-page","status-publish","hentry"],"_links":{"self":[{"href":"https:\/\/cantare-et-sonare.de\/index.php?rest_route=\/wp\/v2\/pages\/810","targetHints":{"allow":["GET"]}}],"collection":[{"href":"https:\/\/cantare-et-sonare.de\/index.php?rest_route=\/wp\/v2\/pages"}],"about":[{"href":"https:\/\/cantare-et-sonare.de\/index.php?rest_route=\/wp\/v2\/types\/page"}],"author":[{"embeddable":true,"href":"https:\/\/cantare-et-sonare.de\/index.php?rest_route=\/wp\/v2\/users\/2"}],"replies":[{"embeddable":true,"href":"https:\/\/cantare-et-sonare.de\/index.php?rest_route=%2Fwp%2Fv2%2Fcomments&post=810"}],"version-history":[{"count":4,"href":"https:\/\/cantare-et-sonare.de\/index.php?rest_route=\/wp\/v2\/pages\/810\/revisions"}],"predecessor-version":[{"id":834,"href":"https:\/\/cantare-et-sonare.de\/index.php?rest_route=\/wp\/v2\/pages\/810\/revisions\/834"}],"wp:attachment":[{"href":"https:\/\/cantare-et-sonare.de\/index.php?rest_route=%2Fwp%2Fv2%2Fmedia&parent=810"}],"curies":[{"name":"wp","href":"https:\/\/api.w.org\/{rel}","templated":true}]}}