{"id":865,"date":"2026-03-15T12:24:25","date_gmt":"2026-03-15T12:24:25","guid":{"rendered":"https:\/\/cantare-et-sonare.de\/?page_id=865"},"modified":"2026-03-15T12:48:07","modified_gmt":"2026-03-15T12:48:07","slug":"konzertreise-hoexter-juli-2024","status":"publish","type":"page","link":"https:\/\/cantare-et-sonare.de\/?page_id=865","title":{"rendered":"Konzertreise H\u00f6xter juli 2024"},"content":{"rendered":"\n<p><\/p>\n\n\n\n<figure class=\"wp-block-image size-large\"><img loading=\"lazy\" decoding=\"async\" width=\"724\" height=\"1024\" src=\"https:\/\/cantare-et-sonare.de\/wp-content\/uploads\/2024\/06\/2024_Evensong_Plakat-Hoexter_neu2-pdf-1-724x1024.jpg\" alt=\"\" class=\"wp-image-544\" srcset=\"https:\/\/cantare-et-sonare.de\/wp-content\/uploads\/2024\/06\/2024_Evensong_Plakat-Hoexter_neu2-pdf-1-724x1024.jpg 724w, https:\/\/cantare-et-sonare.de\/wp-content\/uploads\/2024\/06\/2024_Evensong_Plakat-Hoexter_neu2-pdf-1-212x300.jpg 212w, https:\/\/cantare-et-sonare.de\/wp-content\/uploads\/2024\/06\/2024_Evensong_Plakat-Hoexter_neu2-pdf-1-768x1087.jpg 768w, https:\/\/cantare-et-sonare.de\/wp-content\/uploads\/2024\/06\/2024_Evensong_Plakat-Hoexter_neu2-pdf-1.jpg 1058w\" sizes=\"auto, (max-width: 724px) 100vw, 724px\" \/><\/figure>\n\n\n\n<figure class=\"wp-block-image size-large\"><img loading=\"lazy\" decoding=\"async\" width=\"724\" height=\"1024\" src=\"https:\/\/cantare-et-sonare.de\/wp-content\/uploads\/2024\/06\/2024_Konzert_Plakat-Hoexter-3-pdf-1-724x1024.jpg\" alt=\"\" class=\"wp-image-536\" srcset=\"https:\/\/cantare-et-sonare.de\/wp-content\/uploads\/2024\/06\/2024_Konzert_Plakat-Hoexter-3-pdf-1-724x1024.jpg 724w, https:\/\/cantare-et-sonare.de\/wp-content\/uploads\/2024\/06\/2024_Konzert_Plakat-Hoexter-3-pdf-1-212x300.jpg 212w, https:\/\/cantare-et-sonare.de\/wp-content\/uploads\/2024\/06\/2024_Konzert_Plakat-Hoexter-3-pdf-1-768x1087.jpg 768w, https:\/\/cantare-et-sonare.de\/wp-content\/uploads\/2024\/06\/2024_Konzert_Plakat-Hoexter-3-pdf-1.jpg 1058w\" sizes=\"auto, (max-width: 724px) 100vw, 724px\" \/><\/figure>\n\n\n\n<p><strong>Chor- und Instrumentalkonzert in der Marienkirche H\u00f6xter<\/strong><\/p>\n\n\n\n<p><strong>mit dem Kammerchor Rheinland \u201eCantare et Sonare\u201c<\/strong><\/p>\n\n\n\n<p><strong>Samstag, 6. Juli 2024, 19:30 Uhr<\/strong><\/p>\n\n\n\n<p>Die evangelische Weser-Nethe-Kirchengemeinde H\u00f6xter l\u00e4dt ein zu einem Chor-und Instrumentalkonzert am Samstag, 6. Juli 2024, um 19:30 Uhr.<\/p>\n\n\n\n<p>Der Kammerchor Rheinland &#8222;Cantare et Sonare&#8220;, der bereits im Juni des vergangenen Jahres ein faszinierendes Programm in der Marienkirche H\u00f6xter pr\u00e4sentieren konnte, wird diesmal Chorwerke u.a. von Claudio Monteverdi, Giovanni Pierluigi da Palestrina, Thom\u00e1s Luis de Vittora, Joseph Haydn, Wolfgang Amadeus Mozart und Gabriel Faur\u00e9 w\u00e4hrend des Konzertes vorstellen. Au\u00dferdem werden neben den Chorwerken der genannten Komponisten, die seit Jahrhunderten die europ\u00e4ische Kompositonsgeschichte und Musikkultur gepr\u00e4gt haben, lyrische Texte sowie Instrumentalmusik (Wolfgang Amadeus Mozarts &#8222;Adagio h-Moll&#8220; (KV 540) in einer Transkription f\u00fcr Orgel und zwei Improvisationen f\u00fcr Saxophon und Orgel) dargeboten.<\/p>\n\n\n\n<p>Die Konzertbesucher*innen d\u00fcrfen sich auf einen erlebnisreichen Konzertabend mit vielf\u00e4ltiger und faszinierender Chormusik der Renaissance bis zur Moderne freuen.<\/p>\n\n\n\n<p>Die Mitwirkenden des Konzertes sind:<\/p>\n\n\n\n<p>Anne Wefelnberg, Sopran<br>Monika Seiler, Flauto dolce<\/p>\n\n\n\n<p>Isabel von Jakubowski, Orgel\/ Solo<br>Bruno Metzdorf, Orgel continuo<\/p>\n\n\n\n<p>Improvisations-Duo: Dave Tchorz (Saxophon) \/ Willem Winschuh (Orgel)<\/p>\n\n\n\n<p>Heike Molitor: Lyrische Texte und Rezitation<\/p>\n\n\n\n<p><strong>Kammerchor Rheinland &#8222;Cantare et Sonare&#8220;<\/strong><\/p>\n\n\n\n<p>K\u00fcnstlerische Leitung: Willem Winschuh<\/p>\n\n\n\n<p>Zu diesem Konzert wird kein Kostenbeitrag erhoben.<br>Zur Deckung der Kosten wird um eine Spende (T\u00fcrkollekte) gebeten.<\/p>\n\n\n\n<p>==========================================================<\/p>\n\n\n\n<p><\/p>\n","protected":false},"excerpt":{"rendered":"<p>Chor- und Instrumentalkonzert in der Marienkirche H\u00f6xter mit dem Kammerchor Rheinland \u201eCantare et Sonare\u201c Samstag, 6. Juli 2024, 19:30 Uhr Die evangelische Weser-Nethe-Kirchengemeinde H\u00f6xter l\u00e4dt ein zu einem Chor-und Instrumentalkonzert am Samstag, 6. Juli 2024, um 19:30 Uhr. Der Kammerchor Rheinland &#8222;Cantare et Sonare&#8220;, der bereits im Juni des vergangenen Jahres ein faszinierendes Programm in &hellip; <\/p>\n<p class=\"link-more\"><a href=\"https:\/\/cantare-et-sonare.de\/?page_id=865\" class=\"more-link\"><span class=\"screen-reader-text\">\u201eKonzertreise H\u00f6xter juli 2024\u201c <\/span>weiterlesen<\/a><\/p>\n","protected":false},"author":2,"featured_media":0,"parent":0,"menu_order":0,"comment_status":"closed","ping_status":"closed","template":"","meta":{"ngg_post_thumbnail":0,"footnotes":""},"class_list":["post-865","page","type-page","status-publish","hentry"],"_links":{"self":[{"href":"https:\/\/cantare-et-sonare.de\/index.php?rest_route=\/wp\/v2\/pages\/865","targetHints":{"allow":["GET"]}}],"collection":[{"href":"https:\/\/cantare-et-sonare.de\/index.php?rest_route=\/wp\/v2\/pages"}],"about":[{"href":"https:\/\/cantare-et-sonare.de\/index.php?rest_route=\/wp\/v2\/types\/page"}],"author":[{"embeddable":true,"href":"https:\/\/cantare-et-sonare.de\/index.php?rest_route=\/wp\/v2\/users\/2"}],"replies":[{"embeddable":true,"href":"https:\/\/cantare-et-sonare.de\/index.php?rest_route=%2Fwp%2Fv2%2Fcomments&post=865"}],"version-history":[{"count":4,"href":"https:\/\/cantare-et-sonare.de\/index.php?rest_route=\/wp\/v2\/pages\/865\/revisions"}],"predecessor-version":[{"id":872,"href":"https:\/\/cantare-et-sonare.de\/index.php?rest_route=\/wp\/v2\/pages\/865\/revisions\/872"}],"wp:attachment":[{"href":"https:\/\/cantare-et-sonare.de\/index.php?rest_route=%2Fwp%2Fv2%2Fmedia&parent=865"}],"curies":[{"name":"wp","href":"https:\/\/api.w.org\/{rel}","templated":true}]}}